{"id":2499,"date":"2017-06-05T02:44:39","date_gmt":"2017-06-05T02:44:39","guid":{"rendered":"http:\/\/flexitank.amagumolabs.io\/flexitank-service-marine-cargo-insurance\/"},"modified":"2017-06-08T18:26:32","modified_gmt":"2017-06-08T11:26:32","slug":"flexitank-dich-vu-marine-cargo-insurance","status":"publish","type":"page","link":"https:\/\/flexitankworld.com\/vi\/flexitank-dich-vu-marine-cargo-insurance\/","title":{"rendered":"MARINE CARGO INSURANCE"},"content":{"rendered":"<div class=\"wpb-content-wrapper\">[mk_page_section bg_image=&#8221;https:\/\/flexitankworld.com\/wp-content\/uploads\/2017\/06\/vehicle-vintage-old-truck.jpg&#8221; bg_color=&#8221;#d6d6d6&#8243; blend_mode=&#8221;multiply&#8221; bg_position=&#8221;center center&#8221; bg_repeat=&#8221;no-repeat&#8221; bg_stretch=&#8221;true&#8221; enable_3d=&#8221;true&#8221; min_height=&#8221;400&#8243; padding_top=&#8221;70&#8243; padding_bottom=&#8221;70&#8243; sidebar=&#8221;sidebar-1&#8243;][vc_column][\/vc_column][\/mk_page_section][mk_page_section padding_top=&#8221;50&#8243; padding_bottom=&#8221;50&#8243; sidebar=&#8221;sidebar-1&#8243;][vc_column][vc_column_text align=&#8221;center&#8221; animation=&#8221;bottom-to-top&#8221;]\n<h1>MARINE CARGO INSURANCE<\/h1>\n[\/vc_column_text][vc_empty_space][vc_row_inner][vc_column_inner width=&#8221;1\/2&#8243;][vc_column_text animation=&#8221;right-to-left&#8221;]Ch\u00fang t\u00f4i cung c\u1ea5p b\u1ea3o hi\u1ec3m h\u00e0ng h\u1ea3i door-to-door cho m\u1ecdi r\u1ee7i ro \u1edf m\u1ee9c 0.09% cho 110% gi\u00e1 tr\u1ecb h\u00e0ng h\u00f3a \u0111\u01b0\u1ee3c b\u1ea3o hi\u1ec3m.[\/vc_column_text][\/vc_column_inner][vc_column_inner width=&#8221;1\/2&#8243;][vc_column_text animation=&#8221;fade-in&#8221;]<img loading=\"lazy\" decoding=\"async\" class=\"alignnone wp-image-2419 size-full\" src=\"https:\/\/flexitankworld.com\/wp-content\/uploads\/2017\/06\/flexitank-service-marine-cargo-insurance.jpg\" alt=\"\" width=\"2592\" height=\"1944\" srcset=\"https:\/\/flexitankworld.com\/wp-content\/uploads\/2017\/06\/flexitank-service-marine-cargo-insurance.jpg 2592w, https:\/\/flexitankworld.com\/wp-content\/uploads\/2017\/06\/flexitank-service-marine-cargo-insurance-150x113.jpg 150w, https:\/\/flexitankworld.com\/wp-content\/uploads\/2017\/06\/flexitank-service-marine-cargo-insurance-300x225.jpg 300w\" sizes=\"(max-width: 2592px) 100vw, 2592px\" \/>[\/vc_column_text][\/vc_column_inner][\/vc_row_inner][\/vc_column][\/mk_page_section]\n<\/div>","protected":false},"excerpt":{"rendered":"<p>[mk_page_section bg_image=&#8221;https:\/\/flexitankworld.com\/wp-content\/uploads\/2017\/06\/vehicle-vintage-old-truck.jpg&#8221; bg_color=&#8221;#d6d6d6&#8243; blend_mode=&#8221;multiply&#8221; bg_position=&#8221;center center&#8221; bg_repeat=&#8221;no-repeat&#8221; bg_stretch=&#8221;true&#8221; enable_3d=&#8221;true&#8221; min_height=&#8221;400&#8243; padding_top=&#8221;70&#8243; padding_bottom=&#8221;70&#8243; sidebar=&#8221;sidebar-1&#8243;][vc_column][\/vc_column][\/mk_page_section][mk_page_section padding_top=&#8221;50&#8243; padding_bottom=&#8221;50&#8243; sidebar=&#8221;sidebar-1&#8243;][vc_column][vc_column_text align=&#8221;center&#8221; animation=&#8221;bottom-to-top&#8221;] MARINE CARGO INSURANCE [\/vc_column_text][vc_empty_space][vc_row_inner][vc_column_inner width=&#8221;1\/2&#8243;][vc_column_text animation=&#8221;right-to-left&#8221;]Ch\u00fang t\u00f4i cung c\u1ea5p b\u1ea3o hi\u1ec3m h\u00e0ng h\u1ea3i door-to-door cho m\u1ecdi r\u1ee7i ro \u1edf m\u1ee9c 0.09% cho 110% gi\u00e1 tr\u1ecb h\u00e0ng h\u00f3a \u0111\u01b0\u1ee3c b\u1ea3o hi\u1ec3m.[\/vc_column_text][\/vc_column_inner][vc_column_inner width=&#8221;1\/2&#8243;][vc_column_text animation=&#8221;fade-in&#8221;][\/vc_column_text][\/vc_column_inner][\/vc_row_inner][\/vc_column][\/mk_page_section]<\/p>\n","protected":false},"author":101012,"featured_media":0,"parent":0,"menu_order":0,"comment_status":"closed","ping_status":"closed","template":"","meta":{"footnotes":""},"class_list":["post-2499","page","type-page","status-publish","hentry"],"_links":{"self":[{"href":"https:\/\/flexitankworld.com\/vi\/wp-json\/wp\/v2\/pages\/2499"}],"collection":[{"href":"https:\/\/flexitankworld.com\/vi\/wp-json\/wp\/v2\/pages"}],"about":[{"href":"https:\/\/flexitankworld.com\/vi\/wp-json\/wp\/v2\/types\/page"}],"author":[{"embeddable":true,"href":"https:\/\/flexitankworld.com\/vi\/wp-json\/wp\/v2\/users\/101012"}],"replies":[{"embeddable":true,"href":"https:\/\/flexitankworld.com\/vi\/wp-json\/wp\/v2\/comments?post=2499"}],"version-history":[{"count":2,"href":"https:\/\/flexitankworld.com\/vi\/wp-json\/wp\/v2\/pages\/2499\/revisions"}],"predecessor-version":[{"id":2533,"href":"https:\/\/flexitankworld.com\/vi\/wp-json\/wp\/v2\/pages\/2499\/revisions\/2533"}],"wp:attachment":[{"href":"https:\/\/flexitankworld.com\/vi\/wp-json\/wp\/v2\/media?parent=2499"}],"curies":[{"name":"wp","href":"https:\/\/api.w.org\/{rel}","templated":true}]}}