{"id":2497,"date":"2017-06-05T02:47:15","date_gmt":"2017-06-05T02:47:15","guid":{"rendered":"http:\/\/flexitank.amagumolabs.io\/flexitank-service-fitting\/"},"modified":"2017-06-08T18:31:13","modified_gmt":"2017-06-08T11:31:13","slug":"flexitank-dich-vu-lap-dat-dinh-vi","status":"publish","type":"page","link":"https:\/\/flexitankworld.com\/vi\/flexitank-dich-vu-lap-dat-dinh-vi\/","title":{"rendered":"L\u1eaeP \u0110\u1eb6T \u0110\u1ecaNH V\u1eca"},"content":{"rendered":"<div class=\"wpb-content-wrapper\">[mk_page_section bg_image=&#8221;https:\/\/flexitankworld.com\/wp-content\/uploads\/2017\/06\/flexitank-fitting-2.jpg&#8221; bg_color=&#8221;#d6d6d6&#8243; blend_mode=&#8221;multiply&#8221; bg_position=&#8221;center center&#8221; bg_repeat=&#8221;no-repeat&#8221; bg_stretch=&#8221;true&#8221; enable_3d=&#8221;true&#8221; min_height=&#8221;400&#8243; padding_top=&#8221;70&#8243; padding_bottom=&#8221;70&#8243; sidebar=&#8221;sidebar-1&#8243;][vc_column][\/vc_column][\/mk_page_section][mk_page_section padding_top=&#8221;50&#8243; padding_bottom=&#8221;50&#8243; sidebar=&#8221;sidebar-1&#8243;][vc_column][vc_column_text align=&#8221;center&#8221; animation=&#8221;bottom-to-top&#8221;]\n<h1 class=\"title\">L\u1eaeP \u0110\u1eb6T \u0110\u1ecaNH V\u1eca<\/h1>\n[\/vc_column_text][vc_empty_space][vc_row_inner][vc_column_inner width=&#8221;1\/2&#8243;][vc_column_text animation=&#8221;right-to-left&#8221;]\n<div class=\"single-content col-md-9\">\n<div class=\"content-text\">\n<p>T\u00fai flexibag r\u1ea5t d\u1ec5 s\u1eed d\u1ee5ng.<br \/>\nKhi qu\u00fd kh\u00e1ch \u0111\u1ebfn v\u1edbi s\u1ea3n ph\u1ea9m v\u00e0 d\u1ecbch v\u1ee5 c\u1ee7a ch\u00fang t\u00f4i, ch\u00fang t\u00f4i c\u00f3 s\u1eb5n m\u1ed9t nh\u00f3m k\u1ef9 thu\u1eadt vi\u00ean chuy\u00ean nghi\u1ec7p, \u0111\u1ea7y kinh nghi\u1ec7m \u0111\u1ec3 gi\u00fap qu\u00fd kh\u00e1ch v\u1ec1 vi\u1ec7c l\u1eafp \u0111\u1eb7t, gi\u1ea3i \u0111\u00e1p v\u1ec1 c\u00e1c th\u1eafc m\u1eafc k\u1ef9 thu\u1eadt \u0111\u1ec3 lu\u00f4n b\u00ean c\u1ea1nh v\u00e0 gi\u00fap \u0111\u1ee1 t\u1eadn t\u00ecnh.<\/p>\n<\/div>\n<div class=\"features-wrap row\"><\/div>\n<\/div>\n[\/vc_column_text][\/vc_column_inner][vc_column_inner width=&#8221;1\/2&#8243;][vc_column_text animation=&#8221;fade-in&#8221;]<img loading=\"lazy\" decoding=\"async\" class=\"alignnone wp-image-2433 size-full\" src=\"https:\/\/flexitankworld.com\/wp-content\/uploads\/2017\/06\/flexitank-loading.jpg\" alt=\"\" width=\"640\" height=\"480\" srcset=\"https:\/\/flexitankworld.com\/wp-content\/uploads\/2017\/06\/flexitank-loading.jpg 640w, https:\/\/flexitankworld.com\/wp-content\/uploads\/2017\/06\/flexitank-loading-150x113.jpg 150w, https:\/\/flexitankworld.com\/wp-content\/uploads\/2017\/06\/flexitank-loading-300x225.jpg 300w\" sizes=\"(max-width: 640px) 100vw, 640px\" \/>[\/vc_column_text][\/vc_column_inner][\/vc_row_inner][\/vc_column][\/mk_page_section]\n<\/div>","protected":false},"excerpt":{"rendered":"<p>[mk_page_section bg_image=&#8221;https:\/\/flexitankworld.com\/wp-content\/uploads\/2017\/06\/flexitank-fitting-2.jpg&#8221; bg_color=&#8221;#d6d6d6&#8243; blend_mode=&#8221;multiply&#8221; bg_position=&#8221;center center&#8221; bg_repeat=&#8221;no-repeat&#8221; bg_stretch=&#8221;true&#8221; enable_3d=&#8221;true&#8221; min_height=&#8221;400&#8243; padding_top=&#8221;70&#8243; padding_bottom=&#8221;70&#8243; sidebar=&#8221;sidebar-1&#8243;][vc_column][\/vc_column][\/mk_page_section][mk_page_section padding_top=&#8221;50&#8243; padding_bottom=&#8221;50&#8243; sidebar=&#8221;sidebar-1&#8243;][vc_column][vc_column_text align=&#8221;center&#8221; animation=&#8221;bottom-to-top&#8221;] L\u1eaeP \u0110\u1eb6T \u0110\u1ecaNH V\u1eca [\/vc_column_text][vc_empty_space][vc_row_inner][vc_column_inner width=&#8221;1\/2&#8243;][vc_column_text animation=&#8221;right-to-left&#8221;] T\u00fai flexibag r\u1ea5t d\u1ec5 s\u1eed d\u1ee5ng. Khi qu\u00fd kh\u00e1ch \u0111\u1ebfn v\u1edbi s\u1ea3n ph\u1ea9m v\u00e0 d\u1ecbch v\u1ee5 c\u1ee7a ch\u00fang t\u00f4i, ch\u00fang t\u00f4i c\u00f3 s\u1eb5n m\u1ed9t nh\u00f3m k\u1ef9 thu\u1eadt vi\u00ean chuy\u00ean nghi\u1ec7p, [&hellip;]<\/p>\n","protected":false},"author":101012,"featured_media":0,"parent":0,"menu_order":0,"comment_status":"closed","ping_status":"closed","template":"","meta":{"footnotes":""},"class_list":["post-2497","page","type-page","status-publish","hentry"],"_links":{"self":[{"href":"https:\/\/flexitankworld.com\/vi\/wp-json\/wp\/v2\/pages\/2497"}],"collection":[{"href":"https:\/\/flexitankworld.com\/vi\/wp-json\/wp\/v2\/pages"}],"about":[{"href":"https:\/\/flexitankworld.com\/vi\/wp-json\/wp\/v2\/types\/page"}],"author":[{"embeddable":true,"href":"https:\/\/flexitankworld.com\/vi\/wp-json\/wp\/v2\/users\/101012"}],"replies":[{"embeddable":true,"href":"https:\/\/flexitankworld.com\/vi\/wp-json\/wp\/v2\/comments?post=2497"}],"version-history":[{"count":4,"href":"https:\/\/flexitankworld.com\/vi\/wp-json\/wp\/v2\/pages\/2497\/revisions"}],"predecessor-version":[{"id":2539,"href":"https:\/\/flexitankworld.com\/vi\/wp-json\/wp\/v2\/pages\/2497\/revisions\/2539"}],"wp:attachment":[{"href":"https:\/\/flexitankworld.com\/vi\/wp-json\/wp\/v2\/media?parent=2497"}],"curies":[{"name":"wp","href":"https:\/\/api.w.org\/{rel}","templated":true}]}}