{"id":2496,"date":"2017-06-05T02:45:38","date_gmt":"2017-06-05T02:45:38","guid":{"rendered":"http:\/\/flexitank.amagumolabs.io\/flexitank-service-emergency-response\/"},"modified":"2017-06-19T16:05:43","modified_gmt":"2017-06-19T09:05:43","slug":"flexitank-dich-vu-ung-cuu-khan-cap","status":"publish","type":"page","link":"https:\/\/flexitankworld.com\/vi\/flexitank-dich-vu-ung-cuu-khan-cap\/","title":{"rendered":"\u1ee8NG C\u1ee8U KH\u1ea8N C\u1ea4P"},"content":{"rendered":"<div class=\"wpb-content-wrapper\">[mk_page_section bg_image=&#8221;https:\/\/flexitankworld.com\/wp-content\/uploads\/2017\/06\/flexitank-emergency-response-2.jpg&#8221; bg_color=&#8221;#d6d6d6&#8243; blend_mode=&#8221;multiply&#8221; bg_position=&#8221;center center&#8221; bg_repeat=&#8221;no-repeat&#8221; bg_stretch=&#8221;true&#8221; enable_3d=&#8221;true&#8221; min_height=&#8221;400&#8243; padding_top=&#8221;70&#8243; padding_bottom=&#8221;70&#8243; sidebar=&#8221;sidebar-1&#8243;][vc_column][\/vc_column][\/mk_page_section][mk_page_section padding_top=&#8221;50&#8243; padding_bottom=&#8221;50&#8243; sidebar=&#8221;sidebar-1&#8243;][vc_column][vc_column_text align=&#8221;center&#8221; animation=&#8221;bottom-to-top&#8221;]\n<h1>\u1ee8NG C\u1ee8U KH\u1ea8N C\u1ea4P<\/h1>\n[\/vc_column_text][vc_empty_space][vc_row_inner][vc_column_inner width=&#8221;1\/2&#8243;][vc_column_text animation=&#8221;right-to-left&#8221;]Ch\u00fang t\u00f4i c\u00f3 \u0111\u1ed9i ng\u0169 k\u1ef9 thu\u1eadt \u0111\u01b0\u1ee3c \u0111\u00e0o t\u1ea1o chuy\u00ean nghi\u1ec7p \u0111\u1ec3 x\u1eed l\u00fd c\u00e1c tr\u01b0\u1eddng h\u1ee3p \u1ee9ng c\u1ee9u kh\u1ea9n c\u1ea5p 24\/7 v\u00e0 cung c\u1ea5p d\u1ecbch v\u1ee5 \u1ee9ng c\u1ee9u kh\u1ea9n c\u1ea5p khi c\u00f3 y\u00eau c\u1ea7u \u1edf t\u1ea5t c\u1ea3 c\u00e1c \u0111\u1ecba \u0111i\u1ec3m. Ch\u00fang t\u00f4i l\u00e0m vi\u1ec7c v\u1edbi h\u1ec7 th\u1ed1ng b\u1ea3o hi\u1ec3m tr\u00ean to\u00e0n th\u1ebf gi\u1edbi, c\u00e1c gi\u00e1m \u0111\u1ecbnh vi\u00ean \u0111\u1ed9c l\u1eadp s\u1ebd c\u00f3 m\u1eb7t k\u1ecbp th\u1eddi b\u1ea5t c\u1ee9 khi n\u00e0o v\u00e0 b\u1ea5t c\u1ee9 n\u01a1i \u0111\u00e2u c\u00f3 s\u1ef1 c\u1ed1 \u0111\u01b0\u1ee3c th\u00f4ng b\u00e1o.[\/vc_column_text][\/vc_column_inner][vc_column_inner width=&#8221;1\/2&#8243;][vc_column_text animation=&#8221;fade-in&#8221;]<img loading=\"lazy\" decoding=\"async\" class=\"alignnone wp-image-2424 size-full\" src=\"https:\/\/flexitankworld.com\/wp-content\/uploads\/2017\/06\/flexitank-emergency-response.jpg\" alt=\"\" width=\"640\" height=\"480\" srcset=\"https:\/\/flexitankworld.com\/wp-content\/uploads\/2017\/06\/flexitank-emergency-response.jpg 640w, https:\/\/flexitankworld.com\/wp-content\/uploads\/2017\/06\/flexitank-emergency-response-150x113.jpg 150w, https:\/\/flexitankworld.com\/wp-content\/uploads\/2017\/06\/flexitank-emergency-response-300x225.jpg 300w\" sizes=\"(max-width: 640px) 100vw, 640px\" \/>[\/vc_column_text][\/vc_column_inner][\/vc_row_inner][\/vc_column][\/mk_page_section]\n<\/div>","protected":false},"excerpt":{"rendered":"<p>[mk_page_section bg_image=&#8221;https:\/\/flexitankworld.com\/wp-content\/uploads\/2017\/06\/flexitank-emergency-response-2.jpg&#8221; bg_color=&#8221;#d6d6d6&#8243; blend_mode=&#8221;multiply&#8221; bg_position=&#8221;center center&#8221; bg_repeat=&#8221;no-repeat&#8221; bg_stretch=&#8221;true&#8221; enable_3d=&#8221;true&#8221; min_height=&#8221;400&#8243; padding_top=&#8221;70&#8243; padding_bottom=&#8221;70&#8243; sidebar=&#8221;sidebar-1&#8243;][vc_column][\/vc_column][\/mk_page_section][mk_page_section padding_top=&#8221;50&#8243; padding_bottom=&#8221;50&#8243; sidebar=&#8221;sidebar-1&#8243;][vc_column][vc_column_text align=&#8221;center&#8221; animation=&#8221;bottom-to-top&#8221;] \u1ee8NG C\u1ee8U KH\u1ea8N C\u1ea4P [\/vc_column_text][vc_empty_space][vc_row_inner][vc_column_inner width=&#8221;1\/2&#8243;][vc_column_text animation=&#8221;right-to-left&#8221;]Ch\u00fang t\u00f4i c\u00f3 \u0111\u1ed9i ng\u0169 k\u1ef9 thu\u1eadt \u0111\u01b0\u1ee3c \u0111\u00e0o t\u1ea1o chuy\u00ean nghi\u1ec7p \u0111\u1ec3 x\u1eed l\u00fd c\u00e1c tr\u01b0\u1eddng h\u1ee3p \u1ee9ng c\u1ee9u kh\u1ea9n c\u1ea5p 24\/7 v\u00e0 cung c\u1ea5p d\u1ecbch v\u1ee5 \u1ee9ng c\u1ee9u kh\u1ea9n [&hellip;]<\/p>\n","protected":false},"author":101012,"featured_media":0,"parent":0,"menu_order":0,"comment_status":"closed","ping_status":"closed","template":"","meta":{"footnotes":""},"class_list":["post-2496","page","type-page","status-publish","hentry"],"_links":{"self":[{"href":"https:\/\/flexitankworld.com\/vi\/wp-json\/wp\/v2\/pages\/2496"}],"collection":[{"href":"https:\/\/flexitankworld.com\/vi\/wp-json\/wp\/v2\/pages"}],"about":[{"href":"https:\/\/flexitankworld.com\/vi\/wp-json\/wp\/v2\/types\/page"}],"author":[{"embeddable":true,"href":"https:\/\/flexitankworld.com\/vi\/wp-json\/wp\/v2\/users\/101012"}],"replies":[{"embeddable":true,"href":"https:\/\/flexitankworld.com\/vi\/wp-json\/wp\/v2\/comments?post=2496"}],"version-history":[{"count":4,"href":"https:\/\/flexitankworld.com\/vi\/wp-json\/wp\/v2\/pages\/2496\/revisions"}],"predecessor-version":[{"id":2558,"href":"https:\/\/flexitankworld.com\/vi\/wp-json\/wp\/v2\/pages\/2496\/revisions\/2558"}],"wp:attachment":[{"href":"https:\/\/flexitankworld.com\/vi\/wp-json\/wp\/v2\/media?parent=2496"}],"curies":[{"name":"wp","href":"https:\/\/api.w.org\/{rel}","templated":true}]}}