{"id":2494,"date":"2017-06-05T04:18:32","date_gmt":"2017-06-05T04:18:32","guid":{"rendered":"http:\/\/flexitank.amagumolabs.io\/flexitank-product-winter-fitting\/"},"modified":"2017-06-08T18:23:52","modified_gmt":"2017-06-08T11:23:52","slug":"flexitank-san-pham-dinh-vi-cach-nhiet-mop-xop-cach-nhiet","status":"publish","type":"page","link":"https:\/\/flexitankworld.com\/vi\/flexitank-san-pham-dinh-vi-cach-nhiet-mop-xop-cach-nhiet\/","title":{"rendered":"\u0110\u1ecaNH V\u1eca C\u00c1CH NHI\u1ec6T &#8211; M\u1ed0P X\u1ed0P C\u00c1CH NHI\u1ec6T"},"content":{"rendered":"<div class=\"wpb-content-wrapper\">[mk_page_section bg_image=&#8221;https:\/\/flexitankworld.com\/wp-content\/uploads\/2017\/06\/fitting-4.jpg&#8221; bg_color=&#8221;#d6d6d6&#8243; blend_mode=&#8221;multiply&#8221; bg_position=&#8221;center center&#8221; bg_repeat=&#8221;no-repeat&#8221; bg_stretch=&#8221;true&#8221; enable_3d=&#8221;true&#8221; min_height=&#8221;400&#8243; padding_top=&#8221;70&#8243; padding_bottom=&#8221;70&#8243; sidebar=&#8221;sidebar-1&#8243;][vc_column][\/vc_column][\/mk_page_section][mk_page_section padding_top=&#8221;50&#8243; padding_bottom=&#8221;50&#8243; sidebar=&#8221;sidebar-1&#8243;][vc_column][vc_column_text align=&#8221;center&#8221; animation=&#8221;bottom-to-top&#8221;]\n<h1>\u0110\u1ecaNH V\u1eca C\u00c1CH NHI\u1ec6T &#8211; M\u1ed0P X\u1ed0P C\u00c1CH NHI\u1ec6T<\/h1>\n[\/vc_column_text][vc_empty_space][vc_row_inner][vc_column_inner width=&#8221;1\/2&#8243;][vc_column_text animation=&#8221;right-to-left&#8221;]Bi\u1ebfn \u0111\u1ed9ng nhi\u1ec7t \u0111\u1ed9 x\u1ea3y ra khi container \u0111i qua c\u00e1c v\u00f9ng kh\u00ed h\u1eadu kh\u00e1c nhau c\u00f3 th\u1ec3 l\u00e0m h\u1ecfng s\u1ea3n ph\u1ea9m ho\u1eb7c bi\u1ebfn ch\u1ea5t v\u00e0 bi\u1ebfn th\u1ec3 s\u1ea3n ph\u1ea9m. M\u1ed1p x\u1ed1p c\u00e1ch nhi\u1ec7t l\u00e0 gi\u1ea3i ph\u00e1p l\u00e0m gi\u1ea3m t\u1ef7 l\u1ec7 bi\u1ebfn \u0111\u1ed9ng nhi\u1ec7t \u0111\u1ed9 c\u1ee7a s\u1ea3n ph\u1ea9m cho ph\u00e9p gi\u1eef l\u1ea1i c\u00e1c \u0111\u1eb7c t\u00ednh ban \u0111\u1ea7u c\u1ee7a ch\u00fang nhi\u1ec1u nh\u1ea5t c\u00f3 th\u1ec3.<\/p>\n<p>L\u1ee3i \u00edch c\u1ee7a m\u1ed1p x\u1ed1p c\u00e1ch nhi\u1ec7t:<\/p>\n<ul>\n<li>D\u1ec5 d\u00e0ng x\u1eed l\u00fd<\/li>\n<li>Gi\u1ea3m bi\u1ebfn \u0111\u1ed9ng nhi\u1ec7t \u0111\u1ed9<\/li>\n<li>D\u1ec5 d\u00e0ng l\u1eafp \u0111\u1eb7t<\/li>\n<li>T\u01b0\u01a1ng th\u00edch v\u1edbi container ti\u00eau chu\u1ea9n ISO<\/li>\n<li>Duy tr\u00ec m\u00f4i tr\u01b0\u1eddng \u0111\u00f3ng g\u00f3i s\u1ea3n ph\u1ea9m<\/li>\n<\/ul>\n[\/vc_column_text][\/vc_column_inner][vc_column_inner width=&#8221;1\/2&#8243;][vc_column_text animation=&#8221;fade-in&#8221;]<img loading=\"lazy\" decoding=\"async\" class=\"alignnone wp-image-2363 size-full\" src=\"https:\/\/flexitankworld.com\/wp-content\/uploads\/2017\/06\/flexitank-bottom-load-bottom-discharge-valve.jpg\" alt=\"\" width=\"640\" height=\"480\" srcset=\"https:\/\/flexitankworld.com\/wp-content\/uploads\/2017\/06\/flexitank-bottom-load-bottom-discharge-valve.jpg 640w, https:\/\/flexitankworld.com\/wp-content\/uploads\/2017\/06\/flexitank-bottom-load-bottom-discharge-valve-150x113.jpg 150w, https:\/\/flexitankworld.com\/wp-content\/uploads\/2017\/06\/flexitank-bottom-load-bottom-discharge-valve-300x225.jpg 300w\" sizes=\"(max-width: 640px) 100vw, 640px\" \/>[\/vc_column_text][\/vc_column_inner][\/vc_row_inner][\/vc_column][\/mk_page_section]\n<\/div>","protected":false},"excerpt":{"rendered":"<p>[mk_page_section bg_image=&#8221;https:\/\/flexitankworld.com\/wp-content\/uploads\/2017\/06\/fitting-4.jpg&#8221; bg_color=&#8221;#d6d6d6&#8243; blend_mode=&#8221;multiply&#8221; bg_position=&#8221;center center&#8221; bg_repeat=&#8221;no-repeat&#8221; bg_stretch=&#8221;true&#8221; enable_3d=&#8221;true&#8221; min_height=&#8221;400&#8243; padding_top=&#8221;70&#8243; padding_bottom=&#8221;70&#8243; sidebar=&#8221;sidebar-1&#8243;][vc_column][\/vc_column][\/mk_page_section][mk_page_section padding_top=&#8221;50&#8243; padding_bottom=&#8221;50&#8243; sidebar=&#8221;sidebar-1&#8243;][vc_column][vc_column_text align=&#8221;center&#8221; animation=&#8221;bottom-to-top&#8221;] \u0110\u1ecaNH V\u1eca C\u00c1CH NHI\u1ec6T &#8211; M\u1ed0P X\u1ed0P C\u00c1CH NHI\u1ec6T [\/vc_column_text][vc_empty_space][vc_row_inner][vc_column_inner width=&#8221;1\/2&#8243;][vc_column_text animation=&#8221;right-to-left&#8221;]Bi\u1ebfn \u0111\u1ed9ng nhi\u1ec7t \u0111\u1ed9 x\u1ea3y ra khi container \u0111i qua c\u00e1c v\u00f9ng kh\u00ed h\u1eadu kh\u00e1c nhau c\u00f3 th\u1ec3 l\u00e0m h\u1ecfng s\u1ea3n ph\u1ea9m ho\u1eb7c bi\u1ebfn ch\u1ea5t v\u00e0 [&hellip;]<\/p>\n","protected":false},"author":101012,"featured_media":0,"parent":0,"menu_order":0,"comment_status":"closed","ping_status":"closed","template":"","meta":{"footnotes":""},"class_list":["post-2494","page","type-page","status-publish","hentry"],"_links":{"self":[{"href":"https:\/\/flexitankworld.com\/vi\/wp-json\/wp\/v2\/pages\/2494"}],"collection":[{"href":"https:\/\/flexitankworld.com\/vi\/wp-json\/wp\/v2\/pages"}],"about":[{"href":"https:\/\/flexitankworld.com\/vi\/wp-json\/wp\/v2\/types\/page"}],"author":[{"embeddable":true,"href":"https:\/\/flexitankworld.com\/vi\/wp-json\/wp\/v2\/users\/101012"}],"replies":[{"embeddable":true,"href":"https:\/\/flexitankworld.com\/vi\/wp-json\/wp\/v2\/comments?post=2494"}],"version-history":[{"count":3,"href":"https:\/\/flexitankworld.com\/vi\/wp-json\/wp\/v2\/pages\/2494\/revisions"}],"predecessor-version":[{"id":2530,"href":"https:\/\/flexitankworld.com\/vi\/wp-json\/wp\/v2\/pages\/2494\/revisions\/2530"}],"wp:attachment":[{"href":"https:\/\/flexitankworld.com\/vi\/wp-json\/wp\/v2\/media?parent=2494"}],"curies":[{"name":"wp","href":"https:\/\/api.w.org\/{rel}","templated":true}]}}