{"id":2493,"date":"2017-06-05T04:17:27","date_gmt":"2017-06-05T04:17:27","guid":{"rendered":"http:\/\/flexitank.amagumolabs.io\/flexitank-product-tub-liner\/"},"modified":"2017-06-08T18:22:34","modified_gmt":"2017-06-08T11:22:34","slug":"flexitank-san-pham-tam-lot","status":"publish","type":"page","link":"https:\/\/flexitankworld.com\/vi\/flexitank-san-pham-tam-lot\/","title":{"rendered":"T\u1ea5m l\u00f3t"},"content":{"rendered":"<div class=\"wpb-content-wrapper\">[mk_page_section bg_image=&#8221;https:\/\/flexitankworld.com\/wp-content\/uploads\/2017\/06\/hrflexitank-2.jpg&#8221; bg_color=&#8221;#d6d6d6&#8243; blend_mode=&#8221;multiply&#8221; bg_position=&#8221;center center&#8221; bg_repeat=&#8221;no-repeat&#8221; bg_stretch=&#8221;true&#8221; enable_3d=&#8221;true&#8221; min_height=&#8221;400&#8243; padding_top=&#8221;70&#8243; padding_bottom=&#8221;70&#8243; sidebar=&#8221;sidebar-1&#8243;][vc_column][\/vc_column][\/mk_page_section][mk_page_section padding_top=&#8221;50&#8243; padding_bottom=&#8221;50&#8243; sidebar=&#8221;sidebar-1&#8243;][vc_column][vc_column_text align=&#8221;center&#8221; animation=&#8221;bottom-to-top&#8221;]\n<h1>T\u1ea5m l\u00f3t<\/h1>\n[\/vc_column_text][vc_empty_space][vc_row_inner][vc_column_inner width=&#8221;1\/2&#8243;][vc_column_text animation=&#8221;right-to-left&#8221;]\n<h2>T\u1ea5m l\u00f3t l\u00e0 g\u00ec?<\/h2>\n<p>T\u1ea5m l\u00f3t l\u00e0 m\u1ed9t l\u1edbp PE l\u00f3t v\u1edbi \u0111\u1ed9 d\u00e0y 125-mic. \u0110\u00f3 l\u00e0 m\u1ed9t ph\u1ee5 ki\u1ec7n h\u1eefu \u00edch cho flexitank nh\u01b0ng kh\u00f4ng b\u1eaft bu\u1ed9c ph\u1ea3i s\u1eed d\u1ee5ng, c\u00f3 ch\u1ee9c n\u0103ng \u0111\u1ec3 gi\u1ea3m thi\u1ec3u hao h\u1ee5t h\u00e0ng h\u00f3a ho\u1eb7c thi\u1ec7t h\u1ea1i trong tr\u01b0\u1eddng h\u1ee3p c\u00f3 tr\u00e0n ho\u1eb7c r\u00f2 r\u1ec9 c\u1ee7a flexitank. N\u00f3 c\u0169ng nh\u01b0 l\u00e0 m\u1ed9t l\u1edbp b\u1ea3o v\u1ec7 b\u1ed5 sung cho flexitank, ngo\u00e0i c\u00e1c l\u1edbp gi\u1ea5y l\u00f3t g\u1ee3n s\u00f3ng tr\u00ean t\u01b0\u1eddng.<\/p>\n<h2>L\u00fd do \u0111\u1ec3 s\u1eed d\u1ee5ng t\u1ea5m l\u00f3t cho Flexitank c\u1ee7a b\u1ea1n :<\/h2>\n<ul>\n<li>Ch\u1ee9a \u0111\u1ef1ng r\u00f2 r\u1ec9. Ch\u1ee9a r\u00f2 r\u1ec9 ho\u1eb7c h\u00e0ng h\u00f3a b\u1ecb \u0111\u1ed5 ra t\u1eeb Flexitank. H\u00e0ng h\u00f3a b\u1ecb r\u00f2 r\u1ec9 ho\u1eb7c \u0111\u1ed5 c\u00f3 th\u1ec3 \u0111\u01b0\u1ee3c ph\u1ee5c h\u1ed3i b\u1eb1ng c\u00e1ch b\u01a1m ra. Gi\u1ea3m l\u00e3ng ph\u00ed ho\u1eb7c th\u1ea5t tho\u00e1t h\u00e0ng h\u00f3a .<\/li>\n<li>Lo\u1ea1i tr\u1eeb r\u1eafc r\u1ed1i. H\u00e0ng h\u00f3a b\u1ecb r\u00f2 r\u1ec9 ho\u1eb7c b\u1ecb \u0111\u1ed5 \u0111\u01b0\u1ee3c ch\u1ee9a trong c\u00e1c t\u1ea5m l\u00f3t. Container s\u1ebd kh\u00f4ng b\u1ecb b\u1ea9n do ch\u1ea5t l\u1ecfng tr\u00e0n ra v\u00e0 s\u1ebd kh\u00f4ng ph\u00e1t sinh chi ph\u00ed v\u1ec7 sinh container.<\/li>\n<li>\u0110o l\u01b0\u1eddng th\u1ea5t tho\u00e1t. L\u01b0\u1ee3ng h\u00e0ng h\u00f3a b\u1ecb \u0111\u1ed5 ra c\u00f3 th\u1ec3 \u0111\u01b0\u1ee3c c\u00e2n tr\u01b0\u1edbc v\u00e0 sau khi b\u01a1m \u0111\u1ec3 th\u00e0nh l\u1eadp m\u1ed9t th\u01b0\u1edbc \u0111o ch\u00ednh x\u00e1c h\u01a1n v\u1ec1 l\u01b0\u1ee3ng h\u00e0ng th\u1ea5t tho\u00e1t.<\/li>\n<li>B\u1ea3o v\u1ec7 Flexitank. N\u00f3 ho\u1ea1t \u0111\u1ed9ng nh\u01b0 m\u1ed9t l\u1edbp b\u1ea3o v\u1ec7 b\u1ed5 sung cho c\u00e1c Flexitank ngo\u00e0i l\u1edbp gi\u1ea5y g\u1ee3n s\u00f3ng.<\/li>\n<\/ul>\n[\/vc_column_text][\/vc_column_inner][vc_column_inner width=&#8221;1\/2&#8243;][vc_column_text animation=&#8221;fade-in&#8221;]<img loading=\"lazy\" decoding=\"async\" class=\"alignnone wp-image-2281 size-full\" src=\"https:\/\/flexitankworld.com\/wp-content\/uploads\/2017\/06\/flexitank-product-tub-liner.jpg\" alt=\"\" width=\"500\" height=\"433\" srcset=\"https:\/\/flexitankworld.com\/wp-content\/uploads\/2017\/06\/flexitank-product-tub-liner.jpg 500w, https:\/\/flexitankworld.com\/wp-content\/uploads\/2017\/06\/flexitank-product-tub-liner-150x130.jpg 150w, https:\/\/flexitankworld.com\/wp-content\/uploads\/2017\/06\/flexitank-product-tub-liner-300x260.jpg 300w\" sizes=\"(max-width: 500px) 100vw, 500px\" \/>[\/vc_column_text][\/vc_column_inner][\/vc_row_inner][\/vc_column][\/mk_page_section]\n<\/div>","protected":false},"excerpt":{"rendered":"<p>[mk_page_section bg_image=&#8221;https:\/\/flexitankworld.com\/wp-content\/uploads\/2017\/06\/hrflexitank-2.jpg&#8221; bg_color=&#8221;#d6d6d6&#8243; blend_mode=&#8221;multiply&#8221; bg_position=&#8221;center center&#8221; bg_repeat=&#8221;no-repeat&#8221; bg_stretch=&#8221;true&#8221; enable_3d=&#8221;true&#8221; min_height=&#8221;400&#8243; padding_top=&#8221;70&#8243; padding_bottom=&#8221;70&#8243; sidebar=&#8221;sidebar-1&#8243;][vc_column][\/vc_column][\/mk_page_section][mk_page_section padding_top=&#8221;50&#8243; padding_bottom=&#8221;50&#8243; sidebar=&#8221;sidebar-1&#8243;][vc_column][vc_column_text align=&#8221;center&#8221; animation=&#8221;bottom-to-top&#8221;] T\u1ea5m l\u00f3t [\/vc_column_text][vc_empty_space][vc_row_inner][vc_column_inner width=&#8221;1\/2&#8243;][vc_column_text animation=&#8221;right-to-left&#8221;] T\u1ea5m l\u00f3t l\u00e0 g\u00ec? T\u1ea5m l\u00f3t l\u00e0 m\u1ed9t l\u1edbp PE l\u00f3t v\u1edbi \u0111\u1ed9 d\u00e0y 125-mic. \u0110\u00f3 l\u00e0 m\u1ed9t ph\u1ee5 ki\u1ec7n h\u1eefu \u00edch cho flexitank nh\u01b0ng kh\u00f4ng b\u1eaft bu\u1ed9c ph\u1ea3i s\u1eed d\u1ee5ng, c\u00f3 [&hellip;]<\/p>\n","protected":false},"author":101012,"featured_media":0,"parent":0,"menu_order":0,"comment_status":"closed","ping_status":"closed","template":"","meta":{"footnotes":""},"class_list":["post-2493","page","type-page","status-publish","hentry"],"_links":{"self":[{"href":"https:\/\/flexitankworld.com\/vi\/wp-json\/wp\/v2\/pages\/2493"}],"collection":[{"href":"https:\/\/flexitankworld.com\/vi\/wp-json\/wp\/v2\/pages"}],"about":[{"href":"https:\/\/flexitankworld.com\/vi\/wp-json\/wp\/v2\/types\/page"}],"author":[{"embeddable":true,"href":"https:\/\/flexitankworld.com\/vi\/wp-json\/wp\/v2\/users\/101012"}],"replies":[{"embeddable":true,"href":"https:\/\/flexitankworld.com\/vi\/wp-json\/wp\/v2\/comments?post=2493"}],"version-history":[{"count":3,"href":"https:\/\/flexitankworld.com\/vi\/wp-json\/wp\/v2\/pages\/2493\/revisions"}],"predecessor-version":[{"id":2529,"href":"https:\/\/flexitankworld.com\/vi\/wp-json\/wp\/v2\/pages\/2493\/revisions\/2529"}],"wp:attachment":[{"href":"https:\/\/flexitankworld.com\/vi\/wp-json\/wp\/v2\/media?parent=2493"}],"curies":[{"name":"wp","href":"https:\/\/api.w.org\/{rel}","templated":true}]}}