{"id":2491,"date":"2017-06-05T04:16:56","date_gmt":"2017-06-05T04:16:56","guid":{"rendered":"http:\/\/flexitank.amagumolabs.io\/flexitank-product-paper-ibc\/"},"modified":"2017-06-08T18:20:38","modified_gmt":"2017-06-08T11:20:38","slug":"flexitank-san-pham-paper-ibc","status":"publish","type":"page","link":"https:\/\/flexitankworld.com\/vi\/flexitank-san-pham-paper-ibc\/","title":{"rendered":"PAPER IBC"},"content":{"rendered":"<div class=\"wpb-content-wrapper\">[mk_page_section bg_image=&#8221;https:\/\/flexitankworld.com\/wp-content\/uploads\/2017\/06\/flexitank-ibc-paper.jpg&#8221; bg_color=&#8221;#d6d6d6&#8243; blend_mode=&#8221;multiply&#8221; bg_position=&#8221;center center&#8221; bg_repeat=&#8221;no-repeat&#8221; bg_stretch=&#8221;true&#8221; enable_3d=&#8221;true&#8221; min_height=&#8221;400&#8243; padding_top=&#8221;70&#8243; padding_bottom=&#8221;70&#8243; sidebar=&#8221;sidebar-1&#8243;][vc_column][\/vc_column][\/mk_page_section][mk_page_section padding_top=&#8221;50&#8243; padding_bottom=&#8221;50&#8243; sidebar=&#8221;sidebar-1&#8243;][vc_column][vc_column_text align=&#8221;center&#8221; animation=&#8221;bottom-to-top&#8221;]\n<h1>PAPER IBC<\/h1>\n[\/vc_column_text][vc_empty_space][vc_row_inner][vc_column_inner width=&#8221;1\/2&#8243;][vc_column_text animation=&#8221;right-to-left&#8221;]\n<h2 class=\"small_title\">IBC l\u00e0 g\u00ec?<\/h2>\n<ol>\n<li>L\u00e0 t\u1eeb vi\u1ebft t\u1eaft c\u1ee7a container v\u1eadn chuy\u1ec3n ch\u1ea5t l\u1ecfng lo\u1ea1i trung ( Intermediate Bulk Container).<\/li>\n<li>\u0110\u01b0\u1ee3c s\u1eed d\u1ee5ng \u0111\u1ec3 l\u01b0u tr\u1eef v\u00e0 v\u1eadn chuy\u1ec3n ch\u1ea5t l\u1ecfng kh\u00f4ng \u0111\u1ed9c h\u1ea1i.<\/li>\n<\/ol>\n<h2 class=\"small_title\">Kh\u00e1i qu\u00e1t v\u1ec1 IBC<\/h2>\n<ol>\n<li>Th\u00f9ng ch\u1ee9a b\u1eb1ng gi\u1ea5y s\u1eed d\u1ee5ng 1 l\u1ea7n<\/li>\n<li>T\u00fai \u0111\u1ef1ng trong h\u1ed9p gi\u1ea5y<\/li>\n<li>Dung t\u00edch 1,000 l\u00edt<\/li>\n<li>C\u00f3 2 van (b\u01a1m tr\u00ean \u2013x\u1ea3 d\u01b0\u1edbi)<\/li>\n<\/ol>\n[\/vc_column_text][\/vc_column_inner][vc_column_inner width=&#8221;1\/2&#8243;][vc_column_text animation=&#8221;fade-in&#8221;]<img loading=\"lazy\" decoding=\"async\" class=\"alignnone wp-image-2377 size-full\" src=\"https:\/\/flexitankworld.com\/wp-content\/uploads\/2017\/06\/flexitank-paper-ibc.jpg\" alt=\"\" width=\"640\" height=\"480\" srcset=\"https:\/\/flexitankworld.com\/wp-content\/uploads\/2017\/06\/flexitank-paper-ibc.jpg 640w, https:\/\/flexitankworld.com\/wp-content\/uploads\/2017\/06\/flexitank-paper-ibc-150x113.jpg 150w, https:\/\/flexitankworld.com\/wp-content\/uploads\/2017\/06\/flexitank-paper-ibc-300x225.jpg 300w\" sizes=\"(max-width: 640px) 100vw, 640px\" \/>[\/vc_column_text][\/vc_column_inner][\/vc_row_inner][vc_empty_space][vc_column_text align=&#8221;center&#8221; animation=&#8221;right-to-left&#8221;]\n<h1 class=\"small_title\">L\u1ee3i \u00edch c\u1ee7a vi\u1ec7c s\u1eed d\u1ee5ng IBC<\/h1>\n[\/vc_column_text][vc_empty_space][vc_row_inner][vc_column_inner width=&#8221;1\/2&#8243;][vc_column_text animation=&#8221;fade-in&#8221;]<img loading=\"lazy\" decoding=\"async\" class=\"alignnone wp-image-2378 size-full\" src=\"https:\/\/flexitankworld.com\/wp-content\/uploads\/2017\/06\/box.png\" alt=\"\" width=\"997\" height=\"915\" srcset=\"https:\/\/flexitankworld.com\/wp-content\/uploads\/2017\/06\/box.png 997w, https:\/\/flexitankworld.com\/wp-content\/uploads\/2017\/06\/box-150x138.png 150w, https:\/\/flexitankworld.com\/wp-content\/uploads\/2017\/06\/box-300x275.png 300w\" sizes=\"(max-width: 997px) 100vw, 997px\" \/>[\/vc_column_text][\/vc_column_inner][vc_column_inner width=&#8221;1\/2&#8243;][vc_column_text animation=&#8221;right-to-left&#8221;]\n<h2>L\u1eafp r\u00e1p v\u00e0 b\u01a1m h\u00e0ng \u0111\u01a1n gi\u1ea3n<\/h2>\n<ul>\n<li>C\u1ea7n \u00edt nh\u00e2n c\u00f4ng \u0111\u1ec3 \u0111\u1ecbnh v\u1ecb v\u00e0 b\u01a1m h\u00e0ng<\/li>\n<li>C\u1ea7n \u00edt th\u1eddi gian<\/li>\n<li>Kh\u00f4ng c\u1ea7n b\u01a1m h\u00e0ng ra v\u00ec n\u00f3 c\u00f3 van x\u1ea3 d\u01b0\u1edbi \u0111\u00e1y.<\/li>\n<\/ul>\n[\/vc_column_text][\/vc_column_inner][\/vc_row_inner][vc_empty_space][vc_row_inner][vc_column_inner width=&#8221;1\/2&#8243;][vc_column_text animation=&#8221;right-to-left&#8221;]\n<h2>Ti\u1ebft ki\u1ec7m kh\u00f4ng gian<\/h2>\n<ul>\n<li>T\u1ed1i \u0111a h\u00f3a t\u1ea3i tr\u1ecdng trong container.<\/li>\n<li>IBC r\u1ed7ng \u0111\u01b0\u1ee3c x\u1ebfp l\u1ea1i g\u1ecdn g\u00e0ng c\u00f9ng v\u1edbi pallet.<\/li>\n<li>L\u01b0\u1ee3ng h\u00e0ng h\u00f3a t\u0103ng 20%\/container so v\u1edbi th\u00f9ng phuy.<\/li>\n<\/ul>\n[\/vc_column_text][\/vc_column_inner][vc_column_inner width=&#8221;1\/2&#8243;][vc_column_text animation=&#8221;fade-in&#8221;]<img loading=\"lazy\" decoding=\"async\" class=\"alignnone wp-image-2380 size-full\" src=\"https:\/\/flexitankworld.com\/wp-content\/uploads\/2017\/06\/1000l-liquid-paper-ibc-box-liquid-cardboard.jpg\" alt=\"\" width=\"1000\" height=\"1000\" srcset=\"https:\/\/flexitankworld.com\/wp-content\/uploads\/2017\/06\/1000l-liquid-paper-ibc-box-liquid-cardboard.jpg 1000w, https:\/\/flexitankworld.com\/wp-content\/uploads\/2017\/06\/1000l-liquid-paper-ibc-box-liquid-cardboard-150x150.jpg 150w, https:\/\/flexitankworld.com\/wp-content\/uploads\/2017\/06\/1000l-liquid-paper-ibc-box-liquid-cardboard-300x300.jpg 300w\" sizes=\"(max-width: 1000px) 100vw, 1000px\" \/>[\/vc_column_text][\/vc_column_inner][\/vc_row_inner][vc_empty_space][vc_row_inner][vc_column_inner width=&#8221;1\/2&#8243;][vc_column_text animation=&#8221;fade-in&#8221;]<img loading=\"lazy\" decoding=\"async\" class=\"alignnone wp-image-2381 size-full\" src=\"https:\/\/flexitankworld.com\/wp-content\/uploads\/2017\/06\/e9c31ab7e29d2a9508153912e142215b.jpg\" alt=\"\" width=\"948\" height=\"1052\" srcset=\"https:\/\/flexitankworld.com\/wp-content\/uploads\/2017\/06\/e9c31ab7e29d2a9508153912e142215b.jpg 948w, https:\/\/flexitankworld.com\/wp-content\/uploads\/2017\/06\/e9c31ab7e29d2a9508153912e142215b-135x150.jpg 135w, https:\/\/flexitankworld.com\/wp-content\/uploads\/2017\/06\/e9c31ab7e29d2a9508153912e142215b-270x300.jpg 270w\" sizes=\"(max-width: 948px) 100vw, 948px\" \/>[\/vc_column_text][\/vc_column_inner][vc_column_inner width=&#8221;1\/2&#8243;][vc_column_text animation=&#8221;right-to-left&#8221;]\n<h2>Th\u00e2n thi\u1ec7n v\u1edbi m\u00f4i tr\u01b0\u1eddng<\/h2>\n<ul>\n<li>Ph\u00e2n h\u1ee7y sinh h\u1ecdc<\/li>\n<li>Kh\u00f4ng c\u00f3 th\u00f9ng, phuy hay bao c\u1ee9ng c\u1ea7n ti\u00eau h\u1ee7y.<\/li>\n<li>Kh\u00f4ng c\u1ea7n chi ph\u00ed v\u1ec7 sinh<\/li>\n<li>Kh\u00f4ng \u00f4 nhi\u1ec5m<\/li>\n<\/ul>\n[\/vc_column_text][\/vc_column_inner][\/vc_row_inner][vc_empty_space][vc_row_inner][vc_column_inner width=&#8221;1\/2&#8243;][vc_column_text animation=&#8221;right-to-left&#8221;]\n<h2>Kh\u00f4ng c\u00f3 chi ph\u00ed cho thu\u00ea<\/h2>\n<ul>\n<li>IBC thu\u1ed9c quy\u1ec1n s\u1edf h\u1eefu c\u1ee7a kh\u00e1ch h\u00e0ng khi \u0111\u01b0\u1ee3c b\u00e1n ra.<\/li>\n<li>Kh\u00f4ng c\u00f3 chi ph\u00ed t\u00e1i \u0111\u1ecbnh v\u1ecb<\/li>\n<li>\u0110\u01b0\u1ee3c s\u1eed d\u1ee5ng nh\u01b0 gi\u1ea3i ph\u00e1p l\u01b0u tr\u1ef1 t\u1ea1m th\u1eddi..<\/li>\n<\/ul>\n[\/vc_column_text][\/vc_column_inner][vc_column_inner width=&#8221;1\/2&#8243;][vc_column_text animation=&#8221;fade-in&#8221;]<img loading=\"lazy\" decoding=\"async\" class=\"alignnone wp-image-2384 size-full\" src=\"https:\/\/flexitankworld.com\/wp-content\/uploads\/2017\/06\/bulk-box-with-paper-pallet-1024x768.png\" alt=\"\" width=\"1024\" height=\"768\" srcset=\"https:\/\/flexitankworld.com\/wp-content\/uploads\/2017\/06\/bulk-box-with-paper-pallet-1024x768.png 1024w, https:\/\/flexitankworld.com\/wp-content\/uploads\/2017\/06\/bulk-box-with-paper-pallet-1024x768-150x113.png 150w, https:\/\/flexitankworld.com\/wp-content\/uploads\/2017\/06\/bulk-box-with-paper-pallet-1024x768-300x225.png 300w\" sizes=\"(max-width: 1024px) 100vw, 1024px\" \/>[\/vc_column_text][\/vc_column_inner][\/vc_row_inner][vc_empty_space][vc_row_inner][vc_column_inner width=&#8221;1\/2&#8243;][vc_column_text animation=&#8221;fade-in&#8221;]<img loading=\"lazy\" decoding=\"async\" class=\"alignnone wp-image-2383 size-full\" src=\"https:\/\/flexitankworld.com\/wp-content\/uploads\/2017\/06\/paper_ibc_tank.jpg\" alt=\"\" width=\"1024\" height=\"768\" srcset=\"https:\/\/flexitankworld.com\/wp-content\/uploads\/2017\/06\/paper_ibc_tank.jpg 1024w, https:\/\/flexitankworld.com\/wp-content\/uploads\/2017\/06\/paper_ibc_tank-150x113.jpg 150w, https:\/\/flexitankworld.com\/wp-content\/uploads\/2017\/06\/paper_ibc_tank-300x225.jpg 300w\" sizes=\"(max-width: 1024px) 100vw, 1024px\" \/>[\/vc_column_text][\/vc_column_inner][vc_column_inner width=&#8221;1\/2&#8243;][vc_column_text animation=&#8221;right-to-left&#8221;]\n<h2>S\u1ee9c m\u1ea1nh v\u01b0\u1ee3t tr\u1ed9i<\/h2>\n<ul>\n<li>Ch\u1ee9a \u0111\u01b0\u1ee3c t\u1eeb 0.8-1.5 t\u1ea5n h\u00e0ng h\u00f3a.<\/li>\n<li>Chi\u1ebfm th\u1ec3 t\u00edch 4m<sup>3<\/sup>.<\/li>\n<\/ul>\n[\/vc_column_text][\/vc_column_inner][\/vc_row_inner][vc_empty_space][vc_row_inner][vc_column_inner width=&#8221;1\/2&#8243;][vc_column_text animation=&#8221;right-to-left&#8221;]\n<h2>Thi\u1ebft b\u1ecb s\u01b0\u1edfi \u1ea5m<\/h2>\n<ul>\n<li>H\u1ed7 tr\u1ee3 l\u00e0m t\u1ea3n nhi\u1ec7t c\u1ee7a h\u00e0ng h\u00f3a.<\/li>\n<\/ul>\n[\/vc_column_text][\/vc_column_inner][vc_column_inner width=&#8221;1\/2&#8243;][vc_column_text animation=&#8221;fade-in&#8221;]<img loading=\"lazy\" decoding=\"async\" class=\"alignnone wp-image-2382 size-full\" src=\"https:\/\/flexitankworld.com\/wp-content\/uploads\/2017\/06\/boilers.jpg\" alt=\"\" width=\"1016\" height=\"826\" srcset=\"https:\/\/flexitankworld.com\/wp-content\/uploads\/2017\/06\/boilers.jpg 1016w, https:\/\/flexitankworld.com\/wp-content\/uploads\/2017\/06\/boilers-150x122.jpg 150w, https:\/\/flexitankworld.com\/wp-content\/uploads\/2017\/06\/boilers-300x244.jpg 300w\" sizes=\"(max-width: 1016px) 100vw, 1016px\" \/>[\/vc_column_text][\/vc_column_inner][\/vc_row_inner][\/vc_column][\/mk_page_section]\n<\/div>","protected":false},"excerpt":{"rendered":"<p>[mk_page_section bg_image=&#8221;https:\/\/flexitankworld.com\/wp-content\/uploads\/2017\/06\/flexitank-ibc-paper.jpg&#8221; bg_color=&#8221;#d6d6d6&#8243; blend_mode=&#8221;multiply&#8221; bg_position=&#8221;center center&#8221; bg_repeat=&#8221;no-repeat&#8221; bg_stretch=&#8221;true&#8221; enable_3d=&#8221;true&#8221; min_height=&#8221;400&#8243; padding_top=&#8221;70&#8243; padding_bottom=&#8221;70&#8243; sidebar=&#8221;sidebar-1&#8243;][vc_column][\/vc_column][\/mk_page_section][mk_page_section padding_top=&#8221;50&#8243; padding_bottom=&#8221;50&#8243; sidebar=&#8221;sidebar-1&#8243;][vc_column][vc_column_text align=&#8221;center&#8221; animation=&#8221;bottom-to-top&#8221;] PAPER IBC [\/vc_column_text][vc_empty_space][vc_row_inner][vc_column_inner width=&#8221;1\/2&#8243;][vc_column_text animation=&#8221;right-to-left&#8221;] IBC l\u00e0 g\u00ec? L\u00e0 t\u1eeb vi\u1ebft t\u1eaft c\u1ee7a container v\u1eadn chuy\u1ec3n ch\u1ea5t l\u1ecfng lo\u1ea1i trung ( Intermediate Bulk Container). \u0110\u01b0\u1ee3c s\u1eed d\u1ee5ng \u0111\u1ec3 l\u01b0u tr\u1eef v\u00e0 v\u1eadn chuy\u1ec3n ch\u1ea5t l\u1ecfng kh\u00f4ng \u0111\u1ed9c [&hellip;]<\/p>\n","protected":false},"author":101012,"featured_media":0,"parent":0,"menu_order":0,"comment_status":"closed","ping_status":"closed","template":"","meta":{"footnotes":""},"class_list":["post-2491","page","type-page","status-publish","hentry"],"_links":{"self":[{"href":"https:\/\/flexitankworld.com\/vi\/wp-json\/wp\/v2\/pages\/2491"}],"collection":[{"href":"https:\/\/flexitankworld.com\/vi\/wp-json\/wp\/v2\/pages"}],"about":[{"href":"https:\/\/flexitankworld.com\/vi\/wp-json\/wp\/v2\/types\/page"}],"author":[{"embeddable":true,"href":"https:\/\/flexitankworld.com\/vi\/wp-json\/wp\/v2\/users\/101012"}],"replies":[{"embeddable":true,"href":"https:\/\/flexitankworld.com\/vi\/wp-json\/wp\/v2\/comments?post=2491"}],"version-history":[{"count":3,"href":"https:\/\/flexitankworld.com\/vi\/wp-json\/wp\/v2\/pages\/2491\/revisions"}],"predecessor-version":[{"id":2528,"href":"https:\/\/flexitankworld.com\/vi\/wp-json\/wp\/v2\/pages\/2491\/revisions\/2528"}],"wp:attachment":[{"href":"https:\/\/flexitankworld.com\/vi\/wp-json\/wp\/v2\/media?parent=2491"}],"curies":[{"name":"wp","href":"https:\/\/api.w.org\/{rel}","templated":true}]}}