{"id":2489,"date":"2017-06-05T04:16:25","date_gmt":"2017-06-05T04:16:25","guid":{"rendered":"http:\/\/flexitank.amagumolabs.io\/flexitank-product-heating-pad\/"},"modified":"2017-06-08T18:15:16","modified_gmt":"2017-06-08T11:15:16","slug":"flexitank-san-pham-bo-gia-nhiet","status":"publish","type":"page","link":"https:\/\/flexitankworld.com\/vi\/flexitank-san-pham-bo-gia-nhiet\/","title":{"rendered":"B\u1ed8 GIA NHI\u1ec6T"},"content":{"rendered":"<div class=\"wpb-content-wrapper\">[mk_page_section bg_image=&#8221;https:\/\/flexitankworld.com\/wp-content\/uploads\/2017\/06\/20141212_141534.jpg&#8221; bg_color=&#8221;#d6d6d6&#8243; blend_mode=&#8221;multiply&#8221; bg_position=&#8221;center center&#8221; bg_repeat=&#8221;no-repeat&#8221; bg_stretch=&#8221;true&#8221; enable_3d=&#8221;true&#8221; min_height=&#8221;400&#8243; padding_top=&#8221;70&#8243; padding_bottom=&#8221;70&#8243; sidebar=&#8221;sidebar-1&#8243;][vc_column][\/vc_column][\/mk_page_section][mk_page_section padding_top=&#8221;50&#8243; padding_bottom=&#8221;50&#8243; sidebar=&#8221;sidebar-1&#8243;][vc_column][vc_column_text align=&#8221;center&#8221; animation=&#8221;bottom-to-top&#8221;]\n<h1>B\u1ed8 GIA NHI\u1ec6T<\/h1>\n[\/vc_column_text][vc_empty_space][vc_row_inner][vc_column_inner width=&#8221;1\/2&#8243;][vc_column_text animation=&#8221;right-to-left&#8221;]S\u1eed d\u1ee5ng c\u00e1c \u0111\u01b0\u1eddng \u1ed1ng n\u00f3ng \u0111\u1ed3ng \u0111\u1ec1u \u0111\u1ec3 gia nhi\u1ec7t l\u1ea1i h\u00e0ng h\u00f3a tr\u01b0\u1edbc khi d\u1ee1 h\u00e0ng. B\u1ed9 gia nhi\u1ec7t \u0111\u01b0\u1ee3c s\u1eed d\u1ee5ng cho c\u00e1c ch\u1ea5t l\u1ecfng c\u00f3 nhi\u1ec7t \u0111\u1ed9 n\u00f3ng ch\u1ea3y th\u1ea5p v\u00e0 c\u00e1c ch\u1ea5t l\u1ecfng d\u1ec5 \u0111\u00f4ng \u0111\u1eb7c khi g\u1eb7p nhi\u1ec7t \u0111\u1ed9 th\u1ea5p, \u0111\u01b0\u1ee3c th\u1ea3i ra b\u1eb1ng c\u00e1ch s\u1eed d\u1ee5ng h\u01a1i n\u01b0\u1edbc ho\u1eb7c n\u01b0\u1edbc n\u00f3ng nh\u01b0 m\u1ed9t ngu\u1ed3n nhi\u1ec7t.<\/p>\n<p>\u1ede nhi\u1ec7t \u0111\u1ed9 th\u1ea5p, s\u1ea3n ph\u1ea9m c\u00f3 \u0111\u1ed9 nh\u1edbt cao s\u1ebd tr\u1edf n\u00ean k\u1ebft d\u00ednh v\u00e0 kh\u00f4ng ph\u1ea3i t\u1ea5t c\u1ea3 \u0111\u1ec1u d\u1ec5 d\u00e0ng cho vi\u1ec7c x\u1ea3 h\u00e0ng, do \u0111\u00f3 khi v\u1eadn chuy\u1ec3n \u1edf nhi\u1ec7t \u0111\u1ed9 th\u1ea5p, ch\u00fang ta c\u00f3 th\u1ec3 l\u1eafp \u0111\u1eb7t m\u1ed9t b\u1ed9 gi\u1ea3i nhi\u1ec7t \u0111\u1ec3 gi\u1ea3i quy\u1ebft v\u1ea5n \u0111\u1ec1 n\u00e0y. C\u00e1c b\u1ed9 gia nhi\u1ec7t th\u01b0\u1eddng \u0111\u01b0\u1ee3c thi\u1ebft k\u1ebf nh\u01b0 m\u1ed9t mi\u1ebfng \u0111\u1ec7m n\u00f3ng v\u00e0 \u0111\u01b0\u1ee3c \u0111\u1eb7t d\u1ecdc theo chi\u1ec1u d\u00e0i c\u1ee7a container. B\u1ed9 gia nhi\u1ec7t \u0111\u01b0\u1ee3c \u0111\u1eb7t d\u01b0\u1edbi Flexitank (Flexibag) cho ph\u00e9p ti\u1ebfp x\u00fac t\u1ed1i \u0111a v\u1edbi ngu\u1ed3n nhi\u1ec7t. Th\u1eddi gian trung b\u00ecnh c\u1ea7n \u0111\u1ec3 l\u00e0m n\u00f3ng m\u1ed9t container ch\u1ea5t l\u1ecfng l\u00e0 kho\u1ea3ng 4-6 gi\u1edd, nh\u01b0ng \u0111i\u1ec1u n\u00e0y c\u00f2n ph\u1ee5 thu\u1ed9c v\u00e0o nhi\u1ec7t \u0111\u1ed9 v\u00e0 nhi\u1ec7t dung ri\u00eang th\u1ef1c t\u1ebf c\u1ee7a ch\u1ea5t l\u1ecfng.<\/p>\n<p>Nhi\u1ec7t \u0111\u1ed9 \u0111\u1ea7u v\u00e0o cao nh\u1ea5t l\u00e0 124\u00b0C v\u00e0 \u00e1p su\u1ea5t cao nh\u1ea5t l\u00e0 300 PSI (20 Bar).[\/vc_column_text][\/vc_column_inner][vc_column_inner width=&#8221;1\/2&#8243;][vc_column_text animation=&#8221;fade-in&#8221;]<img loading=\"lazy\" decoding=\"async\" class=\"alignnone wp-image-2371 size-full\" src=\"https:\/\/flexitankworld.com\/wp-content\/uploads\/2017\/06\/heating-pad-1.jpg\" alt=\"\" width=\"500\" height=\"332\" srcset=\"https:\/\/flexitankworld.com\/wp-content\/uploads\/2017\/06\/heating-pad-1.jpg 500w, https:\/\/flexitankworld.com\/wp-content\/uploads\/2017\/06\/heating-pad-1-150x100.jpg 150w, https:\/\/flexitankworld.com\/wp-content\/uploads\/2017\/06\/heating-pad-1-300x199.jpg 300w\" sizes=\"(max-width: 500px) 100vw, 500px\" \/>[\/vc_column_text][\/vc_column_inner][\/vc_row_inner][vc_empty_space][vc_column_text]\n<table class=\"tg\">\n<tbody>\n<tr>\n<th class=\"tg-uc3t\" colspan=\"7\"><strong>\u0110\u01a1n v\u1ecb \u00e1p su\u1ea5t<\/strong><\/th>\n<\/tr>\n<tr>\n<td class=\"tg-0uxl\"><\/td>\n<td class=\"tg-0uxl\">\u00a0Pascal (Pa)<\/td>\n<td class=\"tg-0uxl\">Bar (bar)<\/td>\n<td class=\"tg-0uxl\">\u00e1tm\u1ed1tphe k\u1ef9 thu\u1eadt (at)<\/td>\n<td class=\"tg-0uxl\">\u00e1tm\u1ed1tphe (atm)<\/td>\n<td class=\"tg-0uxl\">Torr (torr)<\/td>\n<td class=\"tg-vra8\">Pound l\u1ef1c tr\u00ean inch vu\u00f4ng (psi)<\/td>\n<\/tr>\n<tr>\n<td class=\"tg-0uxl\">1 Pa<\/td>\n<td class=\"tg-031e\">\u00a0\u2261 1 N\/m2<\/td>\n<td class=\"tg-031e\">\u00a010<sup>\u22125<\/sup><\/td>\n<td class=\"tg-031e\">\u00a01.0197\u00d710<sup>\u22125<\/sup><\/td>\n<td class=\"tg-031e\">\u00a09.8692\u00d710<sup>\u22126<\/sup><\/td>\n<td class=\"tg-031e\">\u00a07.5006\u00d710<sup>\u22123<\/sup><\/td>\n<td class=\"tg-yw4l\">\u00a01.450377\u00d710<sup>\u22124<\/sup><\/td>\n<\/tr>\n<tr>\n<td class=\"tg-0uxl\">\u00a01 bar<\/td>\n<td class=\"tg-031e\">\u00a010<sup>5<\/sup><\/td>\n<td class=\"tg-031e\">\u00a0\u2261 100 kPa\u2261 10<sup>6<\/sup>\u00a0dyn\/cm<sup>2<\/sup><\/td>\n<td class=\"tg-031e\">\u00a01.0197<\/td>\n<td class=\"tg-031e\">\u00a00.98692<\/td>\n<td class=\"tg-031e\">750.06<\/td>\n<td class=\"tg-yw4l\">\u00a014.50377<\/td>\n<\/tr>\n<tr>\n<td class=\"tg-0uxl\">\u00a01 at<\/td>\n<td class=\"tg-031e\">9.80665\u00d710<sup>4<\/sup><\/td>\n<td class=\"tg-031e\">\u00a00.980665<\/td>\n<td class=\"tg-031e\">\u00a0\u2261 1 kp\/cm<sup>2<\/sup><\/td>\n<td class=\"tg-031e\">\u00a00.9678411<\/td>\n<td class=\"tg-031e\">\u00a0735.5592<\/td>\n<td class=\"tg-yw4l\">\u00a014.22334<\/td>\n<\/tr>\n<tr>\n<td class=\"tg-0uxl\">\u00a01 atm<\/td>\n<td class=\"tg-031e\">\u00a01.01325\u00d710<sup>5<\/sup><\/td>\n<td class=\"tg-031e\">\u00a01.01325<\/td>\n<td class=\"tg-031e\">\u00a01.0332<\/td>\n<td class=\"tg-031e\">\u00a01<\/td>\n<td class=\"tg-031e\">\u00a0\u2261 <span class=\"nowrap\">760<\/span><\/td>\n<td class=\"tg-yw4l\">\u00a014.69595<\/td>\n<\/tr>\n<tr>\n<td class=\"tg-0uxl\">\u00a01 Torr<\/td>\n<td class=\"tg-031e\">\u00a0133.3224<\/td>\n<td class=\"tg-031e\">1.333224\u00d710<sup>\u22123<\/sup><\/td>\n<td class=\"tg-031e\">\u00a01.359551\u00d710<sup>\u22123<\/sup><\/td>\n<td class=\"tg-031e\">\u00a0\u2261 1\/760 \u2248 <span class=\"nowrap\">1.315789\u00d710<sup>\u22123<\/sup><\/span><\/td>\n<td class=\"tg-031e\">\u00a0\u2261 1 Torr\u2248 1\u00a0mmHg<\/td>\n<td class=\"tg-yw4l\">\u00a01.933678\u00d710<sup>\u22122<\/sup><\/td>\n<\/tr>\n<tr>\n<td class=\"tg-0uxl\">\u00a01 psi<\/td>\n<td class=\"tg-031e\">\u00a06.8948\u00d710<sup>3<\/sup><\/td>\n<td class=\"tg-031e\">\u00a06.8948\u00d710<sup>\u22122<\/sup><\/td>\n<td class=\"tg-031e\">\u00a07.03069\u00d710<sup>\u22122<\/sup><\/td>\n<td class=\"tg-031e\">\u00a06.8046\u00d710<sup>\u22122<\/sup><\/td>\n<td class=\"tg-031e\">\u00a051.71493<\/td>\n<td class=\"tg-yw4l\">\u00a0\u2261 1 lbf \/in<sup>2<\/sup><\/td>\n<\/tr>\n<\/tbody>\n<\/table>\n[\/vc_column_text][vc_raw_html]JTNDc3R5bGUlMjB0eXBlJTNEJTIydGV4dCUyRmNzcyUyMiUzRSUwQS50ZyUyMCUyMCU3QmJvcmRlci1jb2xsYXBzZSUzQWNvbGxhcHNlJTNCYm9yZGVyLXNwYWNpbmclM0EwJTNCJTdEJTBBLnRnJTIwdGQlN0Jmb250LWZhbWlseSUzQUFyaWFsJTJDJTIwc2Fucy1zZXJpZiUzQmZvbnQtc2l6ZSUzQTE0cHglM0JwYWRkaW5nJTNBMTBweCUyMDVweCUzQmJvcmRlci1zdHlsZSUzQXNvbGlkJTNCYm9yZGVyLXdpZHRoJTNBMXB4JTNCb3ZlcmZsb3clM0FoaWRkZW4lM0J3b3JkLWJyZWFrJTNBbm9ybWFsJTNCJTdEJTBBLnRnJTIwdGglN0Jmb250LWZhbWlseSUzQUFyaWFsJTJDJTIwc2Fucy1zZXJpZiUzQmZvbnQtc2l6ZSUzQTE0cHglM0Jmb250LXdlaWdodCUzQW5vcm1hbCUzQnBhZGRpbmclM0ExMHB4JTIwNXB4JTNCYm9yZGVyLXN0eWxlJTNBc29saWQlM0Jib3JkZXItd2lkdGglM0ExcHglM0JvdmVyZmxvdyUzQWhpZGRlbiUzQndvcmQtYnJlYWslM0Fub3JtYWwlM0IlN0QlMEEudGclMjAudGctdWMzdCU3QmJhY2tncm91bmQtY29sb3IlM0ElMjMzOGMyYzklM0Jjb2xvciUzQSUyM2ZmZmZmZiUzQiU3RCUwQS50ZyUyMC50Zy12cmE4JTdCYmFja2dyb3VuZC1jb2xvciUzQSUyMzI5Mzg5MSUzQmNvbG9yJTNBJTIzZmZmZmZmJTNCdmVydGljYWwtYWxpZ24lM0F0b3AlN0QlMEEudGclMjAudGctMHV4bCU3QmJhY2tncm91bmQtY29sb3IlM0ElMjMyOTM4OTElM0Jjb2xvciUzQSUyM2ZmZmZmZiU3RCUwQS50ZyUyMC50Zy16eGg5JTdCYmFja2dyb3VuZC1jb2xvciUzQSUyMzI5Mzg5MSU3RCUwQS50ZyUyMC50Zy15dzRsJTdCdmVydGljYWwtYWxpZ24lM0F0b3AlN0QlMEElM0MlMkZzdHlsZSUzRQ==[\/vc_raw_html][\/vc_column][\/mk_page_section]\n<\/div>","protected":false},"excerpt":{"rendered":"<p>[mk_page_section bg_image=&#8221;https:\/\/flexitankworld.com\/wp-content\/uploads\/2017\/06\/20141212_141534.jpg&#8221; bg_color=&#8221;#d6d6d6&#8243; blend_mode=&#8221;multiply&#8221; bg_position=&#8221;center center&#8221; bg_repeat=&#8221;no-repeat&#8221; bg_stretch=&#8221;true&#8221; enable_3d=&#8221;true&#8221; min_height=&#8221;400&#8243; padding_top=&#8221;70&#8243; padding_bottom=&#8221;70&#8243; sidebar=&#8221;sidebar-1&#8243;][vc_column][\/vc_column][\/mk_page_section][mk_page_section padding_top=&#8221;50&#8243; padding_bottom=&#8221;50&#8243; sidebar=&#8221;sidebar-1&#8243;][vc_column][vc_column_text align=&#8221;center&#8221; animation=&#8221;bottom-to-top&#8221;] B\u1ed8 GIA NHI\u1ec6T [\/vc_column_text][vc_empty_space][vc_row_inner][vc_column_inner width=&#8221;1\/2&#8243;][vc_column_text animation=&#8221;right-to-left&#8221;]S\u1eed d\u1ee5ng c\u00e1c \u0111\u01b0\u1eddng \u1ed1ng n\u00f3ng \u0111\u1ed3ng \u0111\u1ec1u \u0111\u1ec3 gia nhi\u1ec7t l\u1ea1i h\u00e0ng h\u00f3a tr\u01b0\u1edbc khi d\u1ee1 h\u00e0ng. B\u1ed9 gia nhi\u1ec7t \u0111\u01b0\u1ee3c s\u1eed d\u1ee5ng cho c\u00e1c ch\u1ea5t l\u1ecfng c\u00f3 nhi\u1ec7t \u0111\u1ed9 n\u00f3ng [&hellip;]<\/p>\n","protected":false},"author":101012,"featured_media":0,"parent":0,"menu_order":0,"comment_status":"closed","ping_status":"closed","template":"","meta":{"footnotes":""},"class_list":["post-2489","page","type-page","status-publish","hentry"],"_links":{"self":[{"href":"https:\/\/flexitankworld.com\/vi\/wp-json\/wp\/v2\/pages\/2489"}],"collection":[{"href":"https:\/\/flexitankworld.com\/vi\/wp-json\/wp\/v2\/pages"}],"about":[{"href":"https:\/\/flexitankworld.com\/vi\/wp-json\/wp\/v2\/types\/page"}],"author":[{"embeddable":true,"href":"https:\/\/flexitankworld.com\/vi\/wp-json\/wp\/v2\/users\/101012"}],"replies":[{"embeddable":true,"href":"https:\/\/flexitankworld.com\/vi\/wp-json\/wp\/v2\/comments?post=2489"}],"version-history":[{"count":3,"href":"https:\/\/flexitankworld.com\/vi\/wp-json\/wp\/v2\/pages\/2489\/revisions"}],"predecessor-version":[{"id":2526,"href":"https:\/\/flexitankworld.com\/vi\/wp-json\/wp\/v2\/pages\/2489\/revisions\/2526"}],"wp:attachment":[{"href":"https:\/\/flexitankworld.com\/vi\/wp-json\/wp\/v2\/media?parent=2489"}],"curies":[{"name":"wp","href":"https:\/\/api.w.org\/{rel}","templated":true}]}}