{"id":2486,"date":"2017-06-05T04:16:00","date_gmt":"2017-06-05T04:16:00","guid":{"rendered":"http:\/\/flexitank.amagumolabs.io\/flexitank-product-flexitank\/"},"modified":"2017-06-08T18:12:40","modified_gmt":"2017-06-08T11:12:40","slug":"flexitank-san-pham-flexitank","status":"publish","type":"page","link":"https:\/\/flexitankworld.com\/vi\/flexitank-san-pham-flexitank\/","title":{"rendered":"FLEXITANK"},"content":{"rendered":"<div class=\"wpb-content-wrapper\">[mk_page_section bg_image=&#8221;https:\/\/flexitankworld.com\/wp-content\/uploads\/2017\/06\/1451275378_tuiflexitank.jpg&#8221; bg_color=&#8221;#d6d6d6&#8243; blend_mode=&#8221;multiply&#8221; bg_position=&#8221;center center&#8221; bg_repeat=&#8221;no-repeat&#8221; bg_stretch=&#8221;true&#8221; enable_3d=&#8221;true&#8221; min_height=&#8221;400&#8243; padding_top=&#8221;70&#8243; padding_bottom=&#8221;70&#8243; sidebar=&#8221;sidebar-1&#8243;][vc_column][\/vc_column][\/mk_page_section][mk_page_section padding_top=&#8221;50&#8243; padding_bottom=&#8221;50&#8243; sidebar=&#8221;sidebar-1&#8243;][vc_column][vc_column_text align=&#8221;center&#8221; animation=&#8221;bottom-to-top&#8221;]\n<h1>FLEXITANK<\/h1>\n[\/vc_column_text][vc_empty_space][vc_row_inner][vc_column_inner width=&#8221;1\/2&#8243;][vc_column_text animation=&#8221;right-to-left&#8221;]Flexitank ho\u1eb7c Flexibag l\u00e0 container m\u1ec1m \u0111\u01b0\u1ee3c s\u1eed d\u1ee5ng cho vi\u1ec7c v\u1eadn chuy\u1ec3n s\u1ed1 l\u01b0\u1ee3ng l\u1edbn ch\u1ea5t l\u1ecfng kh\u00f4ng \u0111\u1ed9c h\u1ea1i, \u0111\u01b0\u1ee3c l\u00e0m t\u1eeb b\u1ed1n l\u1edbp polyethylene (PE) b\u00ean trong v\u00e0 m\u1ed9t l\u1edbp polypropylene (PP) bao b\u00ean ngo\u00e0i. Dung t\u00edch t\u1eeb 16.000 \u0111\u1ebfn 24.000 l\u00edt v\u00e0 th\u00edch h\u1ee3p \u0111\u1ecbnh v\u1ecb cho c\u00e1c container 20\u2032 theo ti\u00eau chu\u1ea9n ISO. Flexitank l\u00e0 s\u1ea3n ph\u1ea9m d\u00f9ng m\u1ed9t l\u1ea7n v\u00e0 l\u00e0 ph\u01b0\u01a1ng th\u1ee9c v\u1eadn chuy\u1ec3n ti\u1ebft ki\u1ec7m nhi\u1ec1u chi ph\u00ed nh\u1ea5t cho c\u00e1c s\u1ea3n ph\u1ea9m nh\u01b0 h\u00f3a ch\u1ea5t , cao su, c\u00e1c lo\u1ea1i r\u01b0\u1ee3u vang , d\u1ea7u v\u00e0 n\u01b0\u1edbc tr\u00e1i c\u00e2y.\/p&gt;<\/p>\n<p>Th\u1eddi gian c\u1ea7n thi\u1ebft \u0111\u1ec3 \u0111\u1ecbnh v\u1ecb m\u1ed9t flexitank t\u1eeb 20 \u2013 30 ph\u00fat. Sau khi ho\u00e0n th\u00e0nh th\u00ec c\u00f4ng vi\u1ec7c c\u00f2n l\u1ea1i ch\u1ec9 l\u00e0 k\u1ebft n\u1ed1i \u1ed1ng v\u1edbi flexitank v\u00e0 v\u1eadn h\u00e0nh m\u00e1y b\u01a1m \u0111\u1ec3 b\u1eaft \u0111\u1ea7u b\u01a1m h\u00e0ng . T\u00f9y thu\u1ed9c v\u00e0o \u0111\u1ed9 nh\u1edbt c\u1ee7a s\u1ea3n ph\u1ea9m, th\u1eddi gian b\u01a1m h\u00e0ng c\u00f3 th\u1ec3 m\u1ea5t \u00edt nh\u1ea5t l\u00e0 45 \u2013 90 ph\u00fat. C\u00e1c container c\u00f9ng flexitank v\u00e0 h\u00e0ng h\u00f3a b\u00ean trong c\u00f3 th\u1ec3 \u0111\u01b0\u1ee3c v\u1eadn chuy\u1ec3n b\u1eb1ng \u0111\u01b0\u1eddng b\u1ed9, \u0111\u01b0\u1eddng s\u1eaft ho\u1eb7c \u0111\u01b0\u1eddng bi\u1ec3n.[\/vc_column_text][\/vc_column_inner][vc_column_inner width=&#8221;1\/2&#8243;][vc_column_text animation=&#8221;fade-in&#8221;]<img loading=\"lazy\" decoding=\"async\" class=\"alignnone wp-image-2337 size-full\" src=\"https:\/\/flexitankworld.com\/wp-content\/uploads\/2017\/06\/flexitank-manpower-comparison.png\" alt=\"\" width=\"600\" height=\"507\" srcset=\"https:\/\/flexitankworld.com\/wp-content\/uploads\/2017\/06\/flexitank-manpower-comparison.png 600w, https:\/\/flexitankworld.com\/wp-content\/uploads\/2017\/06\/flexitank-manpower-comparison-150x127.png 150w\" sizes=\"(max-width: 600px) 100vw, 600px\" \/>[\/vc_column_text][\/vc_column_inner][\/vc_row_inner][vc_empty_space][vc_row_inner][vc_column_inner width=&#8221;1\/2&#8243;][vc_column_text animation=&#8221;fade-in&#8221;]<img loading=\"lazy\" decoding=\"async\" class=\"alignnone wp-image-2358 size-full\" src=\"https:\/\/flexitankworld.com\/wp-content\/uploads\/2017\/06\/flexitank_tuiflexitank.jpg\" alt=\"\" width=\"600\" height=\"338\" srcset=\"https:\/\/flexitankworld.com\/wp-content\/uploads\/2017\/06\/flexitank_tuiflexitank.jpg 600w, https:\/\/flexitankworld.com\/wp-content\/uploads\/2017\/06\/flexitank_tuiflexitank-150x85.jpg 150w, https:\/\/flexitankworld.com\/wp-content\/uploads\/2017\/06\/flexitank_tuiflexitank-300x169.jpg 300w\" sizes=\"(max-width: 600px) 100vw, 600px\" \/>[\/vc_column_text][\/vc_column_inner][vc_column_inner width=&#8221;1\/2&#8243;][vc_column_text animation=&#8221;right-to-left&#8221;]L\u1ee3i \u00edch t\u1ed5ng th\u1ec3 c\u1ee7a vi\u1ec7c s\u1eed d\u1ee5ng flexitank \u0111\u00f3 l\u00e0 ng\u01b0\u1eddi ti\u00eau d\u00f9ng \u0111\u1ea1t \u0111\u01b0\u1ee3c hi\u1ec7u qu\u1ea3 chi ph\u00ed khi so s\u00e1nh v\u1edbi c\u00e1c ph\u01b0\u01a1ng th\u1ee9c v\u1eadn chuy\u1ec3n h\u00e0ng ho\u00e1 kh\u00e1c nh\u01b0 ISO container , IBC hay th\u00f9ng phuy.[\/vc_column_text][mk_custom_list style=&#8221;mk-li-check&#8221; animation=&#8221;right-to-left&#8221;]\n<ul>\n<li>D\u1ec5 d\u00e0ng \u0111\u1ecbnh v\u1ecb v\u00e0 ti\u00eau h\u1ee7y<\/li>\n<li>C\u1ea5u tr\u00fac tr\u1ecdng l\u01b0\u1ee3ng nh\u1eb9<\/li>\n<li>V\u1eadt li\u1ec7u ph\u00f9 h\u1ee3p cho v\u1eadn chuy\u1ec3n th\u1ef1c ph\u1ea9m<\/li>\n<li>Thi\u1ebft k\u1ebf \u0111\u1eb7c bi\u1ec7t \u0111\u1ec3 v\u1eadn chuy\u1ec3n ch\u1ea5t l\u1ecfng s\u1ed1 l\u01b0\u1ee3ng l\u1edbn<\/li>\n<li>Ti\u1ebft ki\u1ec7m \u0111\u00e1ng k\u1ec3 chi ph\u00ed h\u1eadu c\u1ea7n so v\u1edbi xe b\u1ed3n<\/li>\n<li>Ti\u1ebft ki\u1ec7m 30-40% so v\u1edbi c\u00e1c ph\u01b0\u01a1ng ph\u00e1p \u0111\u00f3ng g\u00f3i kh\u00e1c nh\u01b0 th\u00f9ng phuy v\u00e0 IBC<\/li>\n<li>Kh\u00f4ng c\u1ea7n chi ph\u00ed l\u00e0m v\u1ec7 sinh th\u00f9ng ch\u1ee9a v\u00ec \u0111\u00e2y l\u00e0 s\u1ea3n ph\u1ea9m d\u00f9ng 1 l\u1ea7n<\/li>\n<li>Gi\u1ea3m thi\u1ec3u nguy c\u01a1 \u00f4 nhi\u1ec5m so v\u1edbi c\u00e1c ph\u01b0\u01a1ng ph\u00e1p \u0111\u00f3ng g\u00f3i kh\u00e1c<\/li>\n<li>T\u01b0\u01a1ng th\u00edch v\u1edbi m\u1ecdi ph\u01b0\u01a1ng th\u1ee9c v\u1eadn t\u1ea3i<\/li>\n<li>Th\u00edch h\u1ee3p v\u1eadn chuy\u1ec3n h\u1ea7u h\u1ebft c\u00e1c lo\u1ea1i th\u1ef1c ph\u1ea9m<\/li>\n<\/ul>\n[\/mk_custom_list][\/vc_column_inner][\/vc_row_inner][\/vc_column][\/mk_page_section][mk_page_section padding_top=&#8221;&#8221; padding_bottom=&#8221;50&#8243; sidebar=&#8221;sidebar-1&#8243;][vc_column][vc_column_text align=&#8221;center&#8221; animation=&#8221;bottom-to-top&#8221;]\n<h1>FLEXIBLE WORLD CUNG C\u1ea4P<\/h1>\n<p><i><b>Hi\u1ec7n t\u1ea1i ch\u00fang t\u00f4i cung c\u1ea5p Flexitank v\u1edbi 4 ki\u1ec3u van nh\u01b0 sau<\/b><\/i>[\/vc_column_text][vc_empty_space][vc_row_inner][vc_column_inner width=&#8221;1\/2&#8243;][vc_column_text animation=&#8221;right-to-left&#8221;]\n<h2 class=\"title\">B\u01a1m tr\u00ean\/ x\u1ea3 tr\u00ean (Top Center)<\/h2>\n<p>Curabitur tristique arcu ac nunc imperdiet, elementum ultrices nisi tempus. In fringilla vulputate purus, sagittis mollis dolor venenatis ac. Sed malesuada ligula turpis, sit amet finibus ante tincidunt vel.[\/vc_column_text][\/vc_column_inner][vc_column_inner width=&#8221;1\/2&#8243;][vc_column_text align=&#8221;center&#8221; animation=&#8221;fade-in&#8221;]<img loading=\"lazy\" decoding=\"async\" class=\"alignnone wp-image-2365 size-full\" src=\"https:\/\/flexitankworld.com\/wp-content\/uploads\/2017\/06\/flexitank-top-center.jpg\" alt=\"\" width=\"300\" height=\"225\" srcset=\"https:\/\/flexitankworld.com\/wp-content\/uploads\/2017\/06\/flexitank-top-center.jpg 300w, https:\/\/flexitankworld.com\/wp-content\/uploads\/2017\/06\/flexitank-top-center-150x113.jpg 150w\" sizes=\"(max-width: 300px) 100vw, 300px\" \/>[\/vc_column_text][\/vc_column_inner][\/vc_row_inner][vc_empty_space][vc_row_inner][vc_column_inner width=&#8221;1\/2&#8243;][vc_column_text align=&#8221;center&#8221; animation=&#8221;fade-in&#8221;]<img loading=\"lazy\" decoding=\"async\" class=\"alignnone wp-image-2365 size-full\" src=\"https:\/\/flexitankworld.com\/wp-content\/uploads\/2017\/06\/flexitank-top-center.jpg\" alt=\"\" width=\"300\" height=\"225\" srcset=\"https:\/\/flexitankworld.com\/wp-content\/uploads\/2017\/06\/flexitank-top-center.jpg 300w, https:\/\/flexitankworld.com\/wp-content\/uploads\/2017\/06\/flexitank-top-center-150x113.jpg 150w\" sizes=\"(max-width: 300px) 100vw, 300px\" \/>[\/vc_column_text][\/vc_column_inner][vc_column_inner width=&#8221;1\/2&#8243;][vc_column_text animation=&#8221;right-to-left&#8221;]\n<h2>B\u00ean tr\u00ean\/ x\u1ea3 d\u01b0\u1edbi (Top Bottom)<\/h2>\n<p>Curabitur tristique arcu ac nunc imperdiet, elementum ultrices nisi tempus. In fringilla vulputate purus, sagittis mollis dolor venenatis ac. Sed malesuada ligula turpis, sit amet finibus ante tincidunt vel.[\/vc_column_text][\/vc_column_inner][\/vc_row_inner][vc_empty_space][vc_row_inner][vc_column_inner width=&#8221;1\/2&#8243;][vc_column_text animation=&#8221;right-to-left&#8221;]\n<h2 class=\"title\">B\u01a1m d\u01b0\u1edbi \/ x\u1ea3 d\u01b0\u1edbi (Bottom Bottom)<\/h2>\n<p>Curabitur tristique arcu ac nunc imperdiet, elementum ultrices nisi tempus. In fringilla vulputate purus, sagittis mollis dolor venenatis ac. Sed malesuada ligula turpis, sit amet finibus ante tincidunt vel.[\/vc_column_text][\/vc_column_inner][vc_column_inner width=&#8221;1\/2&#8243;][vc_column_text align=&#8221;center&#8221; animation=&#8221;fade-in&#8221;]<img loading=\"lazy\" decoding=\"async\" class=\"alignnone wp-image-2363\" src=\"https:\/\/flexitankworld.com\/wp-content\/uploads\/2017\/06\/flexitank-bottom-load-bottom-discharge-valve.jpg\" alt=\"\" width=\"300\" height=\"225\" srcset=\"https:\/\/flexitankworld.com\/wp-content\/uploads\/2017\/06\/flexitank-bottom-load-bottom-discharge-valve.jpg 640w, https:\/\/flexitankworld.com\/wp-content\/uploads\/2017\/06\/flexitank-bottom-load-bottom-discharge-valve-150x113.jpg 150w, https:\/\/flexitankworld.com\/wp-content\/uploads\/2017\/06\/flexitank-bottom-load-bottom-discharge-valve-300x225.jpg 300w\" sizes=\"(max-width: 300px) 100vw, 300px\" \/>[\/vc_column_text][\/vc_column_inner][\/vc_row_inner][vc_empty_space][vc_row_inner][vc_column_inner width=&#8221;1\/2&#8243;][vc_column_text align=&#8221;center&#8221; animation=&#8221;fade-in&#8221;]<img loading=\"lazy\" decoding=\"async\" class=\"alignnone wp-image-2523 size-full\" src=\"https:\/\/flexitankworld.com\/wp-content\/uploads\/2017\/06\/flexitank1-bottom-bottom_2.jpg\" alt=\"\" width=\"640\" height=\"480\" srcset=\"https:\/\/flexitankworld.com\/wp-content\/uploads\/2017\/06\/flexitank1-bottom-bottom_2.jpg 640w, https:\/\/flexitankworld.com\/wp-content\/uploads\/2017\/06\/flexitank1-bottom-bottom_2-150x113.jpg 150w, https:\/\/flexitankworld.com\/wp-content\/uploads\/2017\/06\/flexitank1-bottom-bottom_2-300x225.jpg 300w\" sizes=\"(max-width: 640px) 100vw, 640px\" \/>[\/vc_column_text][\/vc_column_inner][vc_column_inner width=&#8221;1\/2&#8243;][vc_column_text animation=&#8221;right-to-left&#8221;]\n<h2>B\u01a1m d\u01b0\u1edbi \/ x\u1ea3 d\u01b0\u1edbi (Bottom Bottom) c\u00f3 van tho\u00e1t kh\u00ed t\u1ef1 \u0111\u1ed9ng.<\/h2>\n<p>Curabitur tristique arcu ac nunc imperdiet, elementum ultrices nisi tempus. In fringilla vulputate purus, sagittis mollis dolor venenatis ac. Sed malesuada ligula turpis, sit amet finibus ante tincidunt vel.[\/vc_column_text][\/vc_column_inner][\/vc_row_inner][vc_empty_space][vc_raw_html]JTNDc3R5bGUlM0UlMEElMkYlMkElM0QlM0QlM0QlMjBQUk9EVUNUUyUyMCUzRSUyMEZMRVhJVEFOSyUyMCUzRCUzRCUzRCUyQSUyRiUwQSUwQSUyM2xpc3QtOSUyMCU3Qm1hcmdpbi1sZWZ0JTNBJTIwMjBweCUzQiU3RCUwQSUwQSUzQyUyRnN0eWxlJTNF[\/vc_raw_html][\/vc_column][\/mk_page_section]\n<\/div>","protected":false},"excerpt":{"rendered":"<p>[mk_page_section bg_image=&#8221;https:\/\/flexitankworld.com\/wp-content\/uploads\/2017\/06\/1451275378_tuiflexitank.jpg&#8221; bg_color=&#8221;#d6d6d6&#8243; blend_mode=&#8221;multiply&#8221; bg_position=&#8221;center center&#8221; bg_repeat=&#8221;no-repeat&#8221; bg_stretch=&#8221;true&#8221; enable_3d=&#8221;true&#8221; min_height=&#8221;400&#8243; padding_top=&#8221;70&#8243; padding_bottom=&#8221;70&#8243; sidebar=&#8221;sidebar-1&#8243;][vc_column][\/vc_column][\/mk_page_section][mk_page_section padding_top=&#8221;50&#8243; padding_bottom=&#8221;50&#8243; sidebar=&#8221;sidebar-1&#8243;][vc_column][vc_column_text align=&#8221;center&#8221; animation=&#8221;bottom-to-top&#8221;] FLEXITANK [\/vc_column_text][vc_empty_space][vc_row_inner][vc_column_inner width=&#8221;1\/2&#8243;][vc_column_text animation=&#8221;right-to-left&#8221;]Flexitank ho\u1eb7c Flexibag l\u00e0 container m\u1ec1m \u0111\u01b0\u1ee3c s\u1eed d\u1ee5ng cho vi\u1ec7c v\u1eadn chuy\u1ec3n s\u1ed1 l\u01b0\u1ee3ng l\u1edbn ch\u1ea5t l\u1ecfng kh\u00f4ng \u0111\u1ed9c h\u1ea1i, \u0111\u01b0\u1ee3c l\u00e0m t\u1eeb b\u1ed1n l\u1edbp polyethylene (PE) b\u00ean trong v\u00e0 m\u1ed9t l\u1edbp polypropylene [&hellip;]<\/p>\n","protected":false},"author":101012,"featured_media":0,"parent":0,"menu_order":0,"comment_status":"closed","ping_status":"closed","template":"","meta":{"footnotes":""},"class_list":["post-2486","page","type-page","status-publish","hentry"],"_links":{"self":[{"href":"https:\/\/flexitankworld.com\/vi\/wp-json\/wp\/v2\/pages\/2486"}],"collection":[{"href":"https:\/\/flexitankworld.com\/vi\/wp-json\/wp\/v2\/pages"}],"about":[{"href":"https:\/\/flexitankworld.com\/vi\/wp-json\/wp\/v2\/types\/page"}],"author":[{"embeddable":true,"href":"https:\/\/flexitankworld.com\/vi\/wp-json\/wp\/v2\/users\/101012"}],"replies":[{"embeddable":true,"href":"https:\/\/flexitankworld.com\/vi\/wp-json\/wp\/v2\/comments?post=2486"}],"version-history":[{"count":3,"href":"https:\/\/flexitankworld.com\/vi\/wp-json\/wp\/v2\/pages\/2486\/revisions"}],"predecessor-version":[{"id":2524,"href":"https:\/\/flexitankworld.com\/vi\/wp-json\/wp\/v2\/pages\/2486\/revisions\/2524"}],"wp:attachment":[{"href":"https:\/\/flexitankworld.com\/vi\/wp-json\/wp\/v2\/media?parent=2486"}],"curies":[{"name":"wp","href":"https:\/\/api.w.org\/{rel}","templated":true}]}}