{"id":2485,"date":"2017-06-05T02:46:21","date_gmt":"2017-06-05T02:46:21","guid":{"rendered":"http:\/\/flexitank.amagumolabs.io\/flexitank-service-discharge\/"},"modified":"2017-06-08T18:28:40","modified_gmt":"2017-06-08T11:28:40","slug":"flexitank-dich-vu-ho-tro-xa-hang","status":"publish","type":"page","link":"https:\/\/flexitankworld.com\/vi\/flexitank-dich-vu-ho-tro-xa-hang\/","title":{"rendered":"H\u1ed6 TR\u1ee2 X\u1ea2 H\u00c0NG"},"content":{"rendered":"<div class=\"wpb-content-wrapper\">[mk_page_section bg_image=&#8221;https:\/\/flexitankworld.com\/wp-content\/uploads\/2017\/06\/flexitank-service-discharge-2.jpg&#8221; bg_color=&#8221;#d6d6d6&#8243; blend_mode=&#8221;multiply&#8221; bg_position=&#8221;center center&#8221; bg_repeat=&#8221;no-repeat&#8221; bg_stretch=&#8221;true&#8221; enable_3d=&#8221;true&#8221; min_height=&#8221;400&#8243; padding_top=&#8221;70&#8243; padding_bottom=&#8221;70&#8243; sidebar=&#8221;sidebar-1&#8243;][vc_column][\/vc_column][\/mk_page_section][mk_page_section padding_top=&#8221;50&#8243; padding_bottom=&#8221;50&#8243; sidebar=&#8221;sidebar-1&#8243;][vc_column][vc_column_text align=&#8221;center&#8221; animation=&#8221;bottom-to-top&#8221;]\n<h1>H\u1ed6 TR\u1ee2 X\u1ea2 H\u00c0NG<\/h1>\n[\/vc_column_text][vc_empty_space][vc_row_inner][vc_column_inner width=&#8221;1\/2&#8243;][vc_column_text animation=&#8221;right-to-left&#8221;]B\u00ean c\u1ea1nh vi\u1ec7c h\u1ed7 tr\u1ee3 k\u1ef9 thu\u1eadt b\u01a1m, ch\u00fang t\u00f4i cung c\u1ea5p th\u00eam d\u1ecbch v\u1ee5 d\u1ee1 (x\u1ea3) h\u00e0ng t\u1eeb flexitank. Tu\u1ef3 thu\u1ed9c v\u00e0o \u0111\u1ed9 nh\u1edbt c\u1ee7a h\u00e0ng ho\u00e1, c\u01a1 s\u1edf v\u1eadt ch\u1ea5t s\u1eb5n c\u00f3 v\u00e0 th\u00f4ng s\u1ed1 k\u1ef9 thu\u1eadt c\u1ee7a m\u00e1y b\u01a1m, vi\u1ec7c d\u1ee1 h\u00e0ng s\u1ebd m\u1ea5t t\u1eeb 30 ph\u00fat \u0111\u1ebfn 2 ti\u1ebfng.<\/p>\n<p>Ch\u00fang t\u00f4i c\u00f3 m\u1ed9t \u0111\u1ed9i ng\u0169 k\u1ef9 thu\u1eadt vi\u00ean gi\u00e0u kinh nghi\u1ec7m \u1ee9ng ph\u00f3 c\u00e1c tr\u01b0\u1eddng h\u1ee3p kh\u1ea9n c\u1ea5p 24\/7 t\u1ea1i t\u1ea5t c\u1ea3 c\u00e1c c\u1ea3ng \u1edf th\u00e0nh ph\u1ed1 H\u1ed3 Ch\u00ed Minh.<\/p>\n<p>Nh\u00e2n vi\u00ean k\u1ef9 thu\u1eadt chuy\u00ean d\u1ee5ng c\u1ee7a ch\u00fang t\u00f4i th\u01b0\u1eddng xuy\u00ean:<\/p>\n<ul>\n<li>T\u01b0 v\u1ea5n cho kh\u00e1ch h\u00e0ng k\u1ef9 thu\u1eadt b\u01a1m v\u00e0 x\u1ea3 h\u00e0ng.<\/li>\n<li>Ph\u00e1t tri\u1ec3n c\u00e1c gi\u1ea3i ph\u00e1p ph\u00f9 h\u1ee3p th\u1ef1c s\u1ef1 \u0111\u00e1p \u1ee9ng nhu c\u1ea7u c\u1ee7a kh\u00e1ch h\u00e0ng.<\/li>\n<\/ul>\n<p>C\u00e1c k\u1ef9 thu\u1eadt vi\u00ean c\u1ee7a ch\u00fang t\u00f4i \u0111\u00e3 th\u1ef1c hi\u1ec7n d\u1ecbch v\u1ee5 d\u1ee1 h\u00e0ng cho c\u00f4ng ty Tribeco, Coca Cola, Akzo NoBel, URC, Unilever, T\u00e2n Hi\u1ec7p Ph\u00e1t, \u2026[\/vc_column_text][\/vc_column_inner][vc_column_inner width=&#8221;1\/2&#8243;][vc_column_text animation=&#8221;fade-in&#8221;]<img loading=\"lazy\" decoding=\"async\" class=\"alignnone wp-image-2428 size-full\" src=\"https:\/\/flexitankworld.com\/wp-content\/uploads\/2017\/06\/flexitank-service-discharge.jpg\" alt=\"\" width=\"3296\" height=\"2472\" srcset=\"https:\/\/flexitankworld.com\/wp-content\/uploads\/2017\/06\/flexitank-service-discharge.jpg 3296w, https:\/\/flexitankworld.com\/wp-content\/uploads\/2017\/06\/flexitank-service-discharge-150x113.jpg 150w, https:\/\/flexitankworld.com\/wp-content\/uploads\/2017\/06\/flexitank-service-discharge-300x225.jpg 300w\" sizes=\"(max-width: 3296px) 100vw, 3296px\" \/>[\/vc_column_text][\/vc_column_inner][\/vc_row_inner][\/vc_column][\/mk_page_section]\n<\/div>","protected":false},"excerpt":{"rendered":"<p>[mk_page_section bg_image=&#8221;https:\/\/flexitankworld.com\/wp-content\/uploads\/2017\/06\/flexitank-service-discharge-2.jpg&#8221; bg_color=&#8221;#d6d6d6&#8243; blend_mode=&#8221;multiply&#8221; bg_position=&#8221;center center&#8221; bg_repeat=&#8221;no-repeat&#8221; bg_stretch=&#8221;true&#8221; enable_3d=&#8221;true&#8221; min_height=&#8221;400&#8243; padding_top=&#8221;70&#8243; padding_bottom=&#8221;70&#8243; sidebar=&#8221;sidebar-1&#8243;][vc_column][\/vc_column][\/mk_page_section][mk_page_section padding_top=&#8221;50&#8243; padding_bottom=&#8221;50&#8243; sidebar=&#8221;sidebar-1&#8243;][vc_column][vc_column_text align=&#8221;center&#8221; animation=&#8221;bottom-to-top&#8221;] H\u1ed6 TR\u1ee2 X\u1ea2 H\u00c0NG [\/vc_column_text][vc_empty_space][vc_row_inner][vc_column_inner width=&#8221;1\/2&#8243;][vc_column_text animation=&#8221;right-to-left&#8221;]B\u00ean c\u1ea1nh vi\u1ec7c h\u1ed7 tr\u1ee3 k\u1ef9 thu\u1eadt b\u01a1m, ch\u00fang t\u00f4i cung c\u1ea5p th\u00eam d\u1ecbch v\u1ee5 d\u1ee1 (x\u1ea3) h\u00e0ng t\u1eeb flexitank. Tu\u1ef3 thu\u1ed9c v\u00e0o \u0111\u1ed9 nh\u1edbt c\u1ee7a h\u00e0ng ho\u00e1, c\u01a1 s\u1edf v\u1eadt [&hellip;]<\/p>\n","protected":false},"author":101012,"featured_media":0,"parent":0,"menu_order":0,"comment_status":"closed","ping_status":"closed","template":"","meta":{"footnotes":""},"class_list":["post-2485","page","type-page","status-publish","hentry"],"_links":{"self":[{"href":"https:\/\/flexitankworld.com\/vi\/wp-json\/wp\/v2\/pages\/2485"}],"collection":[{"href":"https:\/\/flexitankworld.com\/vi\/wp-json\/wp\/v2\/pages"}],"about":[{"href":"https:\/\/flexitankworld.com\/vi\/wp-json\/wp\/v2\/types\/page"}],"author":[{"embeddable":true,"href":"https:\/\/flexitankworld.com\/vi\/wp-json\/wp\/v2\/users\/101012"}],"replies":[{"embeddable":true,"href":"https:\/\/flexitankworld.com\/vi\/wp-json\/wp\/v2\/comments?post=2485"}],"version-history":[{"count":3,"href":"https:\/\/flexitankworld.com\/vi\/wp-json\/wp\/v2\/pages\/2485\/revisions"}],"predecessor-version":[{"id":2535,"href":"https:\/\/flexitankworld.com\/vi\/wp-json\/wp\/v2\/pages\/2485\/revisions\/2535"}],"wp:attachment":[{"href":"https:\/\/flexitankworld.com\/vi\/wp-json\/wp\/v2\/media?parent=2485"}],"curies":[{"name":"wp","href":"https:\/\/api.w.org\/{rel}","templated":true}]}}